{"id":1528,"date":"2014-04-05T14:47:15","date_gmt":"2014-04-05T12:47:15","guid":{"rendered":"https:\/\/www.profeline.de\/online-katalog-2\/"},"modified":"2019-07-11T19:29:14","modified_gmt":"2019-07-11T17:29:14","slug":"catalogue","status":"publish","type":"page","link":"https:\/\/www.profeline.de\/fr\/catalogue\/","title":{"rendered":"Catalogue"},"content":{"rendered":"<div  class='flex_column av-pu2lc-de74d1c3f2ff1f0272f74fc3546aad3a av_one_half  avia-builder-el-0  el_before_av_one_half  avia-builder-el-first  first flex_column_div  '     ><style type=\"text\/css\" data-created_by=\"avia_inline_auto\" id=\"style-css-av-lzl94-8fa06c27ac1358917d11b0bbd81a4c86\">\n.avia-image-container.av-lzl94-8fa06c27ac1358917d11b0bbd81a4c86 img.avia_image{\nbox-shadow:none;\n}\n.avia-image-container.av-lzl94-8fa06c27ac1358917d11b0bbd81a4c86 .av-image-caption-overlay-center{\ncolor:#ffffff;\n}\n<\/style>\n<div  class='avia-image-container av-lzl94-8fa06c27ac1358917d11b0bbd81a4c86 av-styling- av-img-linked avia-align-center  avia-builder-el-1  avia-builder-el-no-sibling '   itemprop=\"image\" itemscope=\"itemscope\" itemtype=\"https:\/\/schema.org\/ImageObject\" ><div class=\"avia-image-container-inner\"><div class=\"avia-image-overlay-wrap\"><a href=\"https:\/\/www.profeline.de\/magazin\/index.html\" class='avia_image '  target=\"_blank\"  rel=\"noopener noreferrer\" aria-label='profeline-magazin-kratzbaum-katzenspielzeug-2017'><img decoding=\"async\" fetchpriority=\"high\" class='wp-image-2486 avia-img-lazy-loading-not-2486 avia_image ' src=\"https:\/\/www.profeline.de\/wp-content\/uploads\/2014\/04\/profeline-magazin-kratzbaum-katzenspielzeug-2017.jpg\" alt='' title='profeline-magazin-kratzbaum-katzenspielzeug-2017'  height=\"142\" width=\"200\"  itemprop=\"thumbnailUrl\"  \/><\/a><\/div><\/div><\/div><\/div>\n<div  class='flex_column av-dnzrc-3bbbd3584cf6736d86ce187fceff0050 av_one_half  avia-builder-el-2  el_after_av_one_half  avia-builder-el-last  flex_column_div  '     ><section  class='av_textblock_section av-7w8lc-9152782e15fe52770d87c7b02ab2f869 '   itemscope=\"itemscope\" itemtype=\"https:\/\/schema.org\/CreativeWork\" ><div class='avia_textblock'  itemprop=\"text\" ><p>Profeline Magazin 2019\/20 Kratzb\u00e4ume, Katzenspielzeug und Katzenzubeh\u00f6r<br \/>\nThe new Profeline magazine 2019\/20<strong> in german <\/strong>online available<br \/>\nLe nouveau magazine Profeline 2019\/20 <strong>en allemand<br \/>\n<\/strong><\/p>\n<p>Hier k\u00f6nnen Sie gleich online im neuen Magazin bl\u00e4ttern <a href=\"https:\/\/www.profeline.de\/magazin\/index.html\" target=\"_blank\" rel=\"noopener noreferrer\">zum Profeline Magazin<\/a><\/p>\n<p>Viel Spass beim Bl\u00e4ttern w\u00fcnscht Ihr Profeline &#8211; Team.<\/p>\n<\/div><\/section><\/div>\n","protected":false},"excerpt":{"rendered":"","protected":false},"author":4,"featured_media":0,"parent":0,"menu_order":201,"comment_status":"open","ping_status":"closed","template":"","meta":{"footnotes":""},"class_list":["post-1528","page","type-page","status-publish","hentry"],"yoast_head":"<!-- This site is optimized with the Yoast SEO plugin v25.9 - https:\/\/yoast.com\/wordpress\/plugins\/seo\/ -->\n<title>Catalogue pour arbre \u00e0 chat, jouets et les accessoires pour chats<\/title>\n<meta name=\"description\" content=\"Catalogue en ligne pour arbre \u00e0 chat, jouets et accessoires pour chats - laissez-vous convaincre par le design et la qualit\u00e9. Un mobilier animalier qui red\u00e9finit le luxe.\" \/>\n<meta name=\"robots\" content=\"index, follow, max-snippet:-1, max-image-preview:large, max-video-preview:-1\" \/>\n<link rel=\"canonical\" href=\"https:\/\/www.profeline.de\/online-katalog\/\" \/>\n<meta property=\"og:locale\" content=\"fr_FR\" \/>\n<meta property=\"og:type\" content=\"article\" \/>\n<meta property=\"og:title\" content=\"Catalogue pour arbre \u00e0 chat, jouets et les accessoires pour chats\" \/>\n<meta property=\"og:description\" content=\"Catalogue en ligne pour arbre \u00e0 chat, jouets et accessoires pour chats - laissez-vous convaincre par le design et la qualit\u00e9. Un mobilier animalier qui red\u00e9finit le luxe.\" \/>\n<meta property=\"og:url\" content=\"https:\/\/www.profeline.de\/online-katalog\/\" \/>\n<meta property=\"og:site_name\" content=\"Profeline\" \/>\n<meta property=\"article:modified_time\" content=\"2019-07-11T17:29:14+00:00\" \/>\n<meta name=\"twitter:label1\" content=\"Dur\u00e9e de lecture estim\u00e9e\" \/>\n\t<meta name=\"twitter:data1\" content=\"1 minute\" \/>\n<script type=\"application\/ld+json\" class=\"yoast-schema-graph\">{\"@context\":\"https:\/\/schema.org\",\"@graph\":[{\"@type\":\"WebPage\",\"@id\":\"https:\/\/www.profeline.de\/online-katalog\/\",\"url\":\"https:\/\/www.profeline.de\/online-katalog\/\",\"name\":\"Catalogue pour arbre \u00e0 chat, jouets et les accessoires pour chats\",\"isPartOf\":{\"@id\":\"https:\/\/www.profeline.de\/#website\"},\"datePublished\":\"2014-04-05T12:47:15+00:00\",\"dateModified\":\"2019-07-11T17:29:14+00:00\",\"description\":\"Catalogue en ligne pour arbre \u00e0 chat, jouets et accessoires pour chats - laissez-vous convaincre par le design et la qualit\u00e9. Un mobilier animalier qui red\u00e9finit le luxe.\",\"breadcrumb\":{\"@id\":\"https:\/\/www.profeline.de\/online-katalog\/#breadcrumb\"},\"inLanguage\":\"fr-FR\",\"potentialAction\":[{\"@type\":\"ReadAction\",\"target\":[\"https:\/\/www.profeline.de\/online-katalog\/\"]}]},{\"@type\":\"BreadcrumbList\",\"@id\":\"https:\/\/www.profeline.de\/online-katalog\/#breadcrumb\",\"itemListElement\":[{\"@type\":\"ListItem\",\"position\":1,\"name\":\"Home\",\"item\":\"https:\/\/www.profeline.de\/fr\/\"},{\"@type\":\"ListItem\",\"position\":2,\"name\":\"Catalogue\"}]},{\"@type\":\"WebSite\",\"@id\":\"https:\/\/www.profeline.de\/#website\",\"url\":\"https:\/\/www.profeline.de\/\",\"name\":\"Profeline\",\"description\":\"Katzen-Kratzbaum-System\",\"potentialAction\":[{\"@type\":\"SearchAction\",\"target\":{\"@type\":\"EntryPoint\",\"urlTemplate\":\"https:\/\/www.profeline.de\/?s={search_term_string}\"},\"query-input\":{\"@type\":\"PropertyValueSpecification\",\"valueRequired\":true,\"valueName\":\"search_term_string\"}}],\"inLanguage\":\"fr-FR\"}]}<\/script>\n<!-- \/ Yoast SEO plugin. -->","yoast_head_json":{"title":"Catalogue pour arbre \u00e0 chat, jouets et les accessoires pour chats","description":"Catalogue en ligne pour arbre \u00e0 chat, jouets et accessoires pour chats - laissez-vous convaincre par le design et la qualit\u00e9. Un mobilier animalier qui red\u00e9finit le luxe.","robots":{"index":"index","follow":"follow","max-snippet":"max-snippet:-1","max-image-preview":"max-image-preview:large","max-video-preview":"max-video-preview:-1"},"canonical":"https:\/\/www.profeline.de\/online-katalog\/","og_locale":"fr_FR","og_type":"article","og_title":"Catalogue pour arbre \u00e0 chat, jouets et les accessoires pour chats","og_description":"Catalogue en ligne pour arbre \u00e0 chat, jouets et accessoires pour chats - laissez-vous convaincre par le design et la qualit\u00e9. Un mobilier animalier qui red\u00e9finit le luxe.","og_url":"https:\/\/www.profeline.de\/online-katalog\/","og_site_name":"Profeline","article_modified_time":"2019-07-11T17:29:14+00:00","twitter_misc":{"Dur\u00e9e de lecture estim\u00e9e":"1 minute"},"schema":{"@context":"https:\/\/schema.org","@graph":[{"@type":"WebPage","@id":"https:\/\/www.profeline.de\/online-katalog\/","url":"https:\/\/www.profeline.de\/online-katalog\/","name":"Catalogue pour arbre \u00e0 chat, jouets et les accessoires pour chats","isPartOf":{"@id":"https:\/\/www.profeline.de\/#website"},"datePublished":"2014-04-05T12:47:15+00:00","dateModified":"2019-07-11T17:29:14+00:00","description":"Catalogue en ligne pour arbre \u00e0 chat, jouets et accessoires pour chats - laissez-vous convaincre par le design et la qualit\u00e9. Un mobilier animalier qui red\u00e9finit le luxe.","breadcrumb":{"@id":"https:\/\/www.profeline.de\/online-katalog\/#breadcrumb"},"inLanguage":"fr-FR","potentialAction":[{"@type":"ReadAction","target":["https:\/\/www.profeline.de\/online-katalog\/"]}]},{"@type":"BreadcrumbList","@id":"https:\/\/www.profeline.de\/online-katalog\/#breadcrumb","itemListElement":[{"@type":"ListItem","position":1,"name":"Home","item":"https:\/\/www.profeline.de\/fr\/"},{"@type":"ListItem","position":2,"name":"Catalogue"}]},{"@type":"WebSite","@id":"https:\/\/www.profeline.de\/#website","url":"https:\/\/www.profeline.de\/","name":"Profeline","description":"Katzen-Kratzbaum-System","potentialAction":[{"@type":"SearchAction","target":{"@type":"EntryPoint","urlTemplate":"https:\/\/www.profeline.de\/?s={search_term_string}"},"query-input":{"@type":"PropertyValueSpecification","valueRequired":true,"valueName":"search_term_string"}}],"inLanguage":"fr-FR"}]}},"_links":{"self":[{"href":"https:\/\/www.profeline.de\/fr\/wp-json\/wp\/v2\/pages\/1528","targetHints":{"allow":["GET"]}}],"collection":[{"href":"https:\/\/www.profeline.de\/fr\/wp-json\/wp\/v2\/pages"}],"about":[{"href":"https:\/\/www.profeline.de\/fr\/wp-json\/wp\/v2\/types\/page"}],"author":[{"embeddable":true,"href":"https:\/\/www.profeline.de\/fr\/wp-json\/wp\/v2\/users\/4"}],"replies":[{"embeddable":true,"href":"https:\/\/www.profeline.de\/fr\/wp-json\/wp\/v2\/comments?post=1528"}],"version-history":[{"count":5,"href":"https:\/\/www.profeline.de\/fr\/wp-json\/wp\/v2\/pages\/1528\/revisions"}],"predecessor-version":[{"id":5338,"href":"https:\/\/www.profeline.de\/fr\/wp-json\/wp\/v2\/pages\/1528\/revisions\/5338"}],"wp:attachment":[{"href":"https:\/\/www.profeline.de\/fr\/wp-json\/wp\/v2\/media?parent=1528"}],"curies":[{"name":"wp","href":"https:\/\/api.w.org\/{rel}","templated":true}]}}