{"id":3853,"date":"2014-03-27T12:21:17","date_gmt":"2014-03-27T11:21:17","guid":{"rendered":"https:\/\/www.profeline.de\/ueber-uns-2\/"},"modified":"2019-07-11T19:41:30","modified_gmt":"2019-07-11T17:41:30","slug":"a-propos-de-nous","status":"publish","type":"page","link":"https:\/\/www.profeline.de\/fr\/a-propos-de-nous\/","title":{"rendered":"A propos de nous"},"content":{"rendered":"<div  class='flex_column av-3uvcd-48083a413931b458817a563ee5f6f3dd av_one_full  avia-builder-el-0  el_before_av_hr  avia-builder-el-first  first flex_column_div  '     ><style type=\"text\/css\" data-created_by=\"avia_inline_auto\" id=\"style-css-av-wv8kd-20dd1a73e2096533617d4e90159b6752\">\n.avia-image-container.av-wv8kd-20dd1a73e2096533617d4e90159b6752 img.avia_image{\nbox-shadow:none;\n}\n.avia-image-container.av-wv8kd-20dd1a73e2096533617d4e90159b6752 .av-image-caption-overlay-center{\ncolor:#ffffff;\n}\n<\/style>\n<div  class='avia-image-container av-wv8kd-20dd1a73e2096533617d4e90159b6752 av-styling- av-img-linked avia-align-center  avia-builder-el-1  avia-builder-el-no-sibling '   itemprop=\"image\" itemscope=\"itemscope\" itemtype=\"https:\/\/schema.org\/ImageObject\" ><div class=\"avia-image-container-inner\"><div class=\"avia-image-overlay-wrap\"><a href=\"https:\/\/www.profeline.de\/wp-content\/uploads\/2014\/03\/profeline-das-team-1030x767.jpg\" data-srcset=\"https:\/\/www.profeline.de\/wp-content\/uploads\/2014\/03\/profeline-das-team-1030x767.jpg 1030w, https:\/\/www.profeline.de\/wp-content\/uploads\/2014\/03\/profeline-das-team-300x223.jpg 300w, https:\/\/www.profeline.de\/wp-content\/uploads\/2014\/03\/profeline-das-team-1500x1116.jpg 1500w, https:\/\/www.profeline.de\/wp-content\/uploads\/2014\/03\/profeline-das-team-705x525.jpg 705w, https:\/\/www.profeline.de\/wp-content\/uploads\/2014\/03\/profeline-das-team-450x335.jpg 450w, https:\/\/www.profeline.de\/wp-content\/uploads\/2014\/03\/profeline-das-team.jpg 1560w\" data-sizes=\"(max-width: 1030px) 100vw, 1030px\" class='avia_image '  ><img decoding=\"async\" fetchpriority=\"high\" class='wp-image-5134 avia-img-lazy-loading-not-5134 avia_image ' src=\"https:\/\/www.profeline.de\/wp-content\/uploads\/2014\/03\/profeline-das-team-1030x767.jpg\" alt='Profeline das Team' title=''  height=\"767\" width=\"1030\"  itemprop=\"thumbnailUrl\" srcset=\"https:\/\/www.profeline.de\/wp-content\/uploads\/2014\/03\/profeline-das-team-1030x767.jpg 1030w, https:\/\/www.profeline.de\/wp-content\/uploads\/2014\/03\/profeline-das-team-300x223.jpg 300w, https:\/\/www.profeline.de\/wp-content\/uploads\/2014\/03\/profeline-das-team-1500x1116.jpg 1500w, https:\/\/www.profeline.de\/wp-content\/uploads\/2014\/03\/profeline-das-team-705x525.jpg 705w, https:\/\/www.profeline.de\/wp-content\/uploads\/2014\/03\/profeline-das-team-450x335.jpg 450w, https:\/\/www.profeline.de\/wp-content\/uploads\/2014\/03\/profeline-das-team.jpg 1560w\" sizes=\"(max-width: 1030px) 100vw, 1030px\" \/><\/a><\/div><\/div><\/div><\/div>\n\n<style type=\"text\/css\" data-created_by=\"avia_inline_auto\" id=\"style-css-av-rpuyd-499d5078869154be2aa5b97cf7e6e1b4\">\n#top .hr.av-rpuyd-499d5078869154be2aa5b97cf7e6e1b4{\nmargin-top:30px;\nmargin-bottom:30px;\n}\n.hr.av-rpuyd-499d5078869154be2aa5b97cf7e6e1b4 .hr-inner{\nwidth:50px;\nborder-color:#ffffff;\nmax-width:45%;\n}\n.hr.av-rpuyd-499d5078869154be2aa5b97cf7e6e1b4 .av-seperator-icon{\ncolor:#ffffff;\n}\n.hr.av-rpuyd-499d5078869154be2aa5b97cf7e6e1b4 .av-seperator-icon.avia-svg-icon svg:first-child{\nfill:#ffffff;\nstroke:#ffffff;\n}\n<\/style>\n<div  class='hr av-rpuyd-499d5078869154be2aa5b97cf7e6e1b4 hr-custom  avia-builder-el-2  el_after_av_one_full  el_before_av_heading  hr-center hr-icon-yes'><span class='hr-inner inner-border-av-border-thin'><span class=\"hr-inner-style\"><\/span><\/span><span class='av-seperator-icon avia-iconfont avia-font-entypo-fontello' data-av_icon='\ue808' data-av_iconfont='entypo-fontello' ><\/span><span class='hr-inner inner-border-av-border-thin'><span class=\"hr-inner-style\"><\/span><\/span><\/div>\n\n<style type=\"text\/css\" data-created_by=\"avia_inline_auto\" id=\"style-css-av-jxywzizu-e52c2e36062828162b157fa6a3b9b2ef\">\n#top .av-special-heading.av-jxywzizu-e52c2e36062828162b157fa6a3b9b2ef{\npadding-bottom:10px;\ncolor:#ac143f;\n}\nbody .av-special-heading.av-jxywzizu-e52c2e36062828162b157fa6a3b9b2ef .av-special-heading-tag .heading-char{\nfont-size:25px;\n}\n.av-special-heading.av-jxywzizu-e52c2e36062828162b157fa6a3b9b2ef .special-heading-inner-border{\nborder-color:#ac143f;\n}\n.av-special-heading.av-jxywzizu-e52c2e36062828162b157fa6a3b9b2ef .av-subheading{\nfont-size:15px;\n}\n<\/style>\n<div  class='av-special-heading av-jxywzizu-e52c2e36062828162b157fa6a3b9b2ef av-special-heading-h2 custom-color-heading  avia-builder-el-3  el_after_av_hr  el_before_av_one_full '><h2 class='av-special-heading-tag '  itemprop=\"headline\"  >A propos de nous et notre passion pour les chats<\/h2><div class=\"special-heading-border\"><div class=\"special-heading-inner-border\"><\/div><\/div><\/div>\n<div  class='flex_column av-e0f2d-3d3803148c6687593cc260bf19888b81 av_one_full  avia-builder-el-4  el_after_av_heading  avia-builder-el-last  first flex_column_div  '     ><section  class='av_textblock_section av-bq43p-2475450c563c893533ca9f72e56ed16a '   itemscope=\"itemscope\" itemtype=\"https:\/\/schema.org\/CreativeWork\" ><div class='avia_textblock'  itemprop=\"text\" ><p>Nous sommes une manufacture allemande. Depuis plus de 20 ans, nous nous occupons des chats et de leurs besoins &#8211; nous vivons cette passion chaque jour.<br \/>\nNous sommes \u00e0 l&rsquo;aise dans le monde des chats &#8211; ici vous trouverez des arbres \u00e0 chats faits \u00e0 la main par des connaisseurs de chats, des liti\u00e8res pour chats modernes en coton, des jouets pour chats qui inspirent et des accessoires pour chats de haute qualit\u00e9 de fabricants renomm\u00e9s.<\/p>\n<p>Les griffes de chat Profeline sont fabriqu\u00e9es \u00e0 la main dans notre propre production \u00e0 partir de produits naturels s\u00e9lectionn\u00e9s et respectueux de l&rsquo;environnement. Ils sont en bois massif, stables, durables et robustes.<br \/>\nGr\u00e2ce \u00e0 notre longue exp\u00e9rience, nous savons comment doit \u00eatre l&rsquo;arbre \u00e0 chat id\u00e9al. La qualit\u00e9, le design et l&rsquo;organisation de la foire aux chats sont importants pour nous &#8211; parce que vous et votre chat en particulier, vous allez avoir beaucoup de plaisir avec un arbre \u00e0 gratter Profeline. Rien n&rsquo;est aussi diff\u00e9rent que les personnages de chats. Ainsi, chaque chat commanderait probablement un arbre \u00e0 chat diff\u00e9rent. Mais il y a trois choses que tout le monde veut : du vrai bois, une m\u00e9thode de production stable et robuste &#8211; et des places confortables pour dormir et se coucher. Afin de r\u00e9pondre aux d\u00e9sirs d&rsquo;individualit\u00e9 du chat et de l&rsquo;homme, notre syst\u00e8me Profeline Scratch Tree System se compose de modules que vous pouvez combiner librement selon vos go\u00fbts, vos exigences et votre mobilier. Pour faciliter votre choix, nous vous proposons une large gamme de mod\u00e8les complets tr\u00e8s populaires. Les couleurs du bois et du rembourrage peuvent \u00e9galement \u00eatre choisies librement. Qu&rsquo;il s&rsquo;agisse d&rsquo;un mod\u00e8le complet ou d&rsquo;un arbre \u00e0 chat individuel, vous pouvez dans tous les cas remplacer chaque \u00e9l\u00e9ment ou \u00e9tendre votre arbre \u00e0 chat Profeline m\u00eame apr\u00e8s des ann\u00e9es.<\/p>\n<p>Notre deuxi\u00e8me amour est pour les jouets pour chats adapt\u00e9s \u00e0 l&rsquo;esp\u00e8ce, car les griffes et les dents sont un test de duret\u00e9 pour chaque jouet, c&rsquo;est pourquoi nous n&rsquo;utilisons que des mat\u00e9riaux s\u00e9lectionn\u00e9s et des produits naturels dans la meilleure qualit\u00e9. Tous les produits sont fabriqu\u00e9s avec le plus grand soin et le plus grand soin. Notre m\u00e9lange d&rsquo;herbes biologiques \u00e0 base d&rsquo;herbe \u00e0 chat et de val\u00e9riane saura ravir tous les chats. Profeline propose des jouets pour chats dans un design moderne pour les plus hautes exigences. Tous les articles sont soud\u00e9s de mani\u00e8re hygi\u00e9nique et \u00e9tanche \u00e0 l&rsquo;air &#8211; particuli\u00e8rement importants pour les jouets CatNip pour un parfum frais et durable.<\/p>\n<p>Les liti\u00e8res pour chats en coton c\u00e2lin sont parfaitement adapt\u00e9es aux besoins des chats. Le tissu \u00e9quilibre la temp\u00e9rature et la haute teneur en coton signifie qu&rsquo;il n&rsquo;y a pas de charge statique.<br \/>\nUn lit pour chat est un must dans chaque foyer pour chat &#8211; et dans nos lits pour chat c\u00e2lins, le facteur bien-\u00eatre est garanti &#8211; le luxe que votre chat d\u00e9sire !<\/p>\n<p><strong><span style=\"color: #ac143f;\">Nous aimons les chats et vivons cette passion tous les jours.<br \/>\n<\/span><\/strong><\/p>\n<p><strong><span style=\"color: #ac143f;\">Profeline &#8211; par amour pour les chats<br \/>\n<\/span><\/strong><\/p>\n<\/div><\/section><\/div>\n","protected":false},"excerpt":{"rendered":"","protected":false},"author":1,"featured_media":0,"parent":0,"menu_order":4,"comment_status":"closed","ping_status":"closed","template":"","meta":{"footnotes":""},"class_list":["post-3853","page","type-page","status-publish","hentry"],"yoast_head":"<!-- This site is optimized with the Yoast SEO plugin v25.9 - https:\/\/yoast.com\/wordpress\/plugins\/seo\/ -->\n<title>Des arbres \u00e0 chat, des jouets et des liti\u00e8res directement du fabricant.<\/title>\n<meta name=\"description\" content=\"Profeline offre des arbres \u00e0 chat faits \u00e0 la main en bois massif, des liti\u00e8res en coton lavables, des jouets pour chats et des fournitures pour chats de fabricants renomm\u00e9s.\" \/>\n<meta name=\"robots\" content=\"index, follow, max-snippet:-1, max-image-preview:large, max-video-preview:-1\" \/>\n<link rel=\"canonical\" href=\"https:\/\/www.profeline.de\/ueber-uns\/\" \/>\n<meta property=\"og:locale\" content=\"fr_FR\" \/>\n<meta property=\"og:type\" content=\"article\" \/>\n<meta property=\"og:title\" content=\"Des arbres \u00e0 chat, des jouets et des liti\u00e8res directement du fabricant.\" \/>\n<meta property=\"og:description\" content=\"Profeline offre des arbres \u00e0 chat faits \u00e0 la main en bois massif, des liti\u00e8res en coton lavables, des jouets pour chats et des fournitures pour chats de fabricants renomm\u00e9s.\" \/>\n<meta property=\"og:url\" content=\"https:\/\/www.profeline.de\/ueber-uns\/\" \/>\n<meta property=\"og:site_name\" content=\"Profeline\" \/>\n<meta property=\"article:modified_time\" content=\"2019-07-11T17:41:30+00:00\" \/>\n<meta name=\"twitter:label1\" content=\"Dur\u00e9e de lecture estim\u00e9e\" \/>\n\t<meta name=\"twitter:data1\" content=\"4 minutes\" \/>\n<script type=\"application\/ld+json\" class=\"yoast-schema-graph\">{\"@context\":\"https:\/\/schema.org\",\"@graph\":[{\"@type\":\"WebPage\",\"@id\":\"https:\/\/www.profeline.de\/ueber-uns\/\",\"url\":\"https:\/\/www.profeline.de\/ueber-uns\/\",\"name\":\"Des arbres \u00e0 chat, des jouets et des liti\u00e8res directement du fabricant.\",\"isPartOf\":{\"@id\":\"https:\/\/www.profeline.de\/#website\"},\"datePublished\":\"2014-03-27T11:21:17+00:00\",\"dateModified\":\"2019-07-11T17:41:30+00:00\",\"description\":\"Profeline offre des arbres \u00e0 chat faits \u00e0 la main en bois massif, des liti\u00e8res en coton lavables, des jouets pour chats et des fournitures pour chats de fabricants renomm\u00e9s.\",\"breadcrumb\":{\"@id\":\"https:\/\/www.profeline.de\/ueber-uns\/#breadcrumb\"},\"inLanguage\":\"fr-FR\",\"potentialAction\":[{\"@type\":\"ReadAction\",\"target\":[\"https:\/\/www.profeline.de\/ueber-uns\/\"]}]},{\"@type\":\"BreadcrumbList\",\"@id\":\"https:\/\/www.profeline.de\/ueber-uns\/#breadcrumb\",\"itemListElement\":[{\"@type\":\"ListItem\",\"position\":1,\"name\":\"Home\",\"item\":\"https:\/\/www.profeline.de\/fr\/\"},{\"@type\":\"ListItem\",\"position\":2,\"name\":\"A propos de nous\"}]},{\"@type\":\"WebSite\",\"@id\":\"https:\/\/www.profeline.de\/#website\",\"url\":\"https:\/\/www.profeline.de\/\",\"name\":\"Profeline\",\"description\":\"Katzen-Kratzbaum-System\",\"potentialAction\":[{\"@type\":\"SearchAction\",\"target\":{\"@type\":\"EntryPoint\",\"urlTemplate\":\"https:\/\/www.profeline.de\/?s={search_term_string}\"},\"query-input\":{\"@type\":\"PropertyValueSpecification\",\"valueRequired\":true,\"valueName\":\"search_term_string\"}}],\"inLanguage\":\"fr-FR\"}]}<\/script>\n<!-- \/ Yoast SEO plugin. -->","yoast_head_json":{"title":"Des arbres \u00e0 chat, des jouets et des liti\u00e8res directement du fabricant.","description":"Profeline offre des arbres \u00e0 chat faits \u00e0 la main en bois massif, des liti\u00e8res en coton lavables, des jouets pour chats et des fournitures pour chats de fabricants renomm\u00e9s.","robots":{"index":"index","follow":"follow","max-snippet":"max-snippet:-1","max-image-preview":"max-image-preview:large","max-video-preview":"max-video-preview:-1"},"canonical":"https:\/\/www.profeline.de\/ueber-uns\/","og_locale":"fr_FR","og_type":"article","og_title":"Des arbres \u00e0 chat, des jouets et des liti\u00e8res directement du fabricant.","og_description":"Profeline offre des arbres \u00e0 chat faits \u00e0 la main en bois massif, des liti\u00e8res en coton lavables, des jouets pour chats et des fournitures pour chats de fabricants renomm\u00e9s.","og_url":"https:\/\/www.profeline.de\/ueber-uns\/","og_site_name":"Profeline","article_modified_time":"2019-07-11T17:41:30+00:00","twitter_misc":{"Dur\u00e9e de lecture estim\u00e9e":"4 minutes"},"schema":{"@context":"https:\/\/schema.org","@graph":[{"@type":"WebPage","@id":"https:\/\/www.profeline.de\/ueber-uns\/","url":"https:\/\/www.profeline.de\/ueber-uns\/","name":"Des arbres \u00e0 chat, des jouets et des liti\u00e8res directement du fabricant.","isPartOf":{"@id":"https:\/\/www.profeline.de\/#website"},"datePublished":"2014-03-27T11:21:17+00:00","dateModified":"2019-07-11T17:41:30+00:00","description":"Profeline offre des arbres \u00e0 chat faits \u00e0 la main en bois massif, des liti\u00e8res en coton lavables, des jouets pour chats et des fournitures pour chats de fabricants renomm\u00e9s.","breadcrumb":{"@id":"https:\/\/www.profeline.de\/ueber-uns\/#breadcrumb"},"inLanguage":"fr-FR","potentialAction":[{"@type":"ReadAction","target":["https:\/\/www.profeline.de\/ueber-uns\/"]}]},{"@type":"BreadcrumbList","@id":"https:\/\/www.profeline.de\/ueber-uns\/#breadcrumb","itemListElement":[{"@type":"ListItem","position":1,"name":"Home","item":"https:\/\/www.profeline.de\/fr\/"},{"@type":"ListItem","position":2,"name":"A propos de nous"}]},{"@type":"WebSite","@id":"https:\/\/www.profeline.de\/#website","url":"https:\/\/www.profeline.de\/","name":"Profeline","description":"Katzen-Kratzbaum-System","potentialAction":[{"@type":"SearchAction","target":{"@type":"EntryPoint","urlTemplate":"https:\/\/www.profeline.de\/?s={search_term_string}"},"query-input":{"@type":"PropertyValueSpecification","valueRequired":true,"valueName":"search_term_string"}}],"inLanguage":"fr-FR"}]}},"_links":{"self":[{"href":"https:\/\/www.profeline.de\/fr\/wp-json\/wp\/v2\/pages\/3853","targetHints":{"allow":["GET"]}}],"collection":[{"href":"https:\/\/www.profeline.de\/fr\/wp-json\/wp\/v2\/pages"}],"about":[{"href":"https:\/\/www.profeline.de\/fr\/wp-json\/wp\/v2\/types\/page"}],"author":[{"embeddable":true,"href":"https:\/\/www.profeline.de\/fr\/wp-json\/wp\/v2\/users\/1"}],"replies":[{"embeddable":true,"href":"https:\/\/www.profeline.de\/fr\/wp-json\/wp\/v2\/comments?post=3853"}],"version-history":[{"count":12,"href":"https:\/\/www.profeline.de\/fr\/wp-json\/wp\/v2\/pages\/3853\/revisions"}],"predecessor-version":[{"id":5342,"href":"https:\/\/www.profeline.de\/fr\/wp-json\/wp\/v2\/pages\/3853\/revisions\/5342"}],"wp:attachment":[{"href":"https:\/\/www.profeline.de\/fr\/wp-json\/wp\/v2\/media?parent=3853"}],"curies":[{"name":"wp","href":"https:\/\/api.w.org\/{rel}","templated":true}]}}