{"id":8817,"date":"2023-08-12T16:32:41","date_gmt":"2023-08-12T14:32:41","guid":{"rendered":"https:\/\/www.profeline.de\/?page_id=8817"},"modified":"2023-08-12T16:32:49","modified_gmt":"2023-08-12T14:32:49","slug":"eleveurs-et-associations","status":"publish","type":"page","link":"https:\/\/www.profeline.de\/fr\/eleveurs-et-associations\/","title":{"rendered":"\u00c9leveurs et associations"},"content":{"rendered":"<h4><span style=\"color: #c41d0f;\">Organisations de protection des animaux, \u00e9leveurs de chats, refuges pour animaux et associations f\u00e9lines<\/span><\/h4>\n<p>De nombreux chats perdent leur foyer ou sont abandonn\u00e9s. De nombreux b\u00e9n\u00e9voles, souvent dans des organisations de protection des animaux, des refuges et des associations, prennent soin des chats en d\u00e9tresse et leur offrent un nouveau foyer.<br \/>\nNous soutenons volontiers cette aide importante aux animaux en d\u00e9tresse et proposons une r\u00e9duction de 5% sur les commandes de 20,00 EUR et plus.<\/p>\n<p>Veuillez nous envoyer par e-mail, par courrier ou par fax :<\/p>\n<p>un extrait du registre de l&rsquo;association.<\/p>\n<p>Profeline<br \/>\nHollandstr.10<br \/>\nD &#8211; 74081 Heilbronn<br \/>\ninfo@profeline.de<br \/>\nTel. : +49 (0)7131 2033840<br \/>\nFax : +49 (0)7131 2033841<\/p>\n<p>Apr\u00e8s l&rsquo;inscription :<br \/>\nDans quelques jours, vous recevrez de notre part la confirmation de votre adh\u00e9sion.<br \/>\nLors de votre prochain achat chez Profeline, vous pourrez vous connecter \u00e0 votre compte client en utilisant l&rsquo;adresse e-mail que vous avez fournie lors de l&rsquo;inscription et le mot de passe que vous avez choisi. Vos donn\u00e9es personnelles appara\u00eetront automatiquement, vous n&rsquo;aurez pas \u00e0 les saisir \u00e0 chaque fois.<br \/>\nLa r\u00e9duction est li\u00e9e, pour des raisons techniques, \u00e0 la combinaison de votre adresse e-mail avec le mot de passe que vous avez indiqu\u00e9.<br \/>\nMalheureusement, il nous est impossible d&rsquo;accorder ult\u00e9rieurement la r\u00e9duction.<br \/>\nLa r\u00e9duction de 5% sera automatiquement d\u00e9duite de votre facture.<\/p>\n<h4><span style=\"color: #c41d0f;\">\u00c9leveurs<\/span><\/h4>\n<p>En tant qu&rsquo;\u00e9leveur responsable, vous veillez particuli\u00e8rement au bien-\u00eatre de vos chats &#8211; Profeline soutient volontiers votre engagement et propose une r\u00e9duction de 5% sur les commandes de 20,00 EUR et plus.<\/p>\n<p>Veuillez nous envoyer par e-mail, par courrier ou par fax : votre enregistrement d&rsquo;\u00e9levage.<\/p>\n<p>En alternative, vous pouvez \u00e9galement nous fournir l&rsquo;adresse de votre site internet.<\/p>\n<p>Profeline<br \/>\nHollandstr.10<br \/>\nD &#8211; 74081 Heilbronn<br \/>\ninfo@profeline.de<br \/>\nTel. : +49 (0)7131 2033840<br \/>\nFax : +49 (0)7131 2033841<\/p>\n<p>Apr\u00e8s l&rsquo;inscription :<br \/>\nDans quelques jours, vous recevrez de notre part la confirmation de votre adh\u00e9sion.<br \/>\nLors de votre prochain achat chez Profeline, vous pourrez vous connecter \u00e0 votre compte client en utilisant l&rsquo;adresse e-mail que vous avez fournie lors de l&rsquo;inscription et le mot de passe que vous avez choisi. Vos donn\u00e9es personnelles appara\u00eetront automatiquement, vous n&rsquo;aurez pas \u00e0 les saisir \u00e0 chaque fois.<br \/>\nLa r\u00e9duction est li\u00e9e, pour des raisons techniques, \u00e0 la combinaison de votre adresse e-mail avec le mot de passe que vous avez indiqu\u00e9.<br \/>\nMalheureusement, il nous est impossible d&rsquo;accorder ult\u00e9rieurement la r\u00e9duction.<br \/>\nLa r\u00e9duction de 5% sera automatiquement d\u00e9duite de votre facture.<\/p>\n","protected":false},"excerpt":{"rendered":"<p>Organisations de protection des animaux, \u00e9leveurs de chats, refuges pour animaux et associations f\u00e9lines De nombreux chats perdent leur foyer ou sont abandonn\u00e9s. De nombreux b\u00e9n\u00e9voles, souvent dans des organisations de protection des animaux, des refuges et des associations, prennent soin des chats en d\u00e9tresse et leur offrent un nouveau foyer. Nous soutenons volontiers cette [&hellip;]<\/p>\n","protected":false},"author":4,"featured_media":0,"parent":0,"menu_order":7,"comment_status":"closed","ping_status":"closed","template":"","meta":{"footnotes":""},"class_list":["post-8817","page","type-page","status-publish","hentry"],"yoast_head":"<!-- This site is optimized with the Yoast SEO plugin v25.9 - https:\/\/yoast.com\/wordpress\/plugins\/seo\/ -->\n<title>\u00c9leveurs et associations - Profeline<\/title>\n<meta name=\"description\" content=\"Organisations de protection des animaux, \u00e9leveurs de chats, refuges pour animaux et associations f\u00e9lines De nombreux chats perdent leur foyer ou sont\" \/>\n<meta name=\"robots\" content=\"index, follow, max-snippet:-1, max-image-preview:large, max-video-preview:-1\" \/>\n<link rel=\"canonical\" href=\"https:\/\/www.profeline.de\/fr\/eleveurs-et-associations\/\" \/>\n<meta property=\"og:locale\" content=\"fr_FR\" \/>\n<meta property=\"og:type\" content=\"article\" \/>\n<meta property=\"og:title\" content=\"\u00c9leveurs et associations - Profeline\" \/>\n<meta property=\"og:description\" content=\"Organisations de protection des animaux, \u00e9leveurs de chats, refuges pour animaux et associations f\u00e9lines De nombreux chats perdent leur foyer ou sont\" \/>\n<meta property=\"og:url\" content=\"https:\/\/www.profeline.de\/fr\/eleveurs-et-associations\/\" \/>\n<meta property=\"og:site_name\" content=\"Profeline\" \/>\n<meta property=\"article:modified_time\" content=\"2023-08-12T14:32:49+00:00\" \/>\n<meta name=\"twitter:label1\" content=\"Dur\u00e9e de lecture estim\u00e9e\" \/>\n\t<meta name=\"twitter:data1\" content=\"2 minutes\" \/>\n<script type=\"application\/ld+json\" class=\"yoast-schema-graph\">{\"@context\":\"https:\/\/schema.org\",\"@graph\":[{\"@type\":\"WebPage\",\"@id\":\"https:\/\/www.profeline.de\/fr\/eleveurs-et-associations\/\",\"url\":\"https:\/\/www.profeline.de\/fr\/eleveurs-et-associations\/\",\"name\":\"\u00c9leveurs et associations - Profeline\",\"isPartOf\":{\"@id\":\"https:\/\/www.profeline.de\/#website\"},\"datePublished\":\"2023-08-12T14:32:41+00:00\",\"dateModified\":\"2023-08-12T14:32:49+00:00\",\"description\":\"Organisations de protection des animaux, \u00e9leveurs de chats, refuges pour animaux et associations f\u00e9lines De nombreux chats perdent leur foyer ou sont\",\"breadcrumb\":{\"@id\":\"https:\/\/www.profeline.de\/fr\/eleveurs-et-associations\/#breadcrumb\"},\"inLanguage\":\"fr-FR\",\"potentialAction\":[{\"@type\":\"ReadAction\",\"target\":[\"https:\/\/www.profeline.de\/fr\/eleveurs-et-associations\/\"]}]},{\"@type\":\"BreadcrumbList\",\"@id\":\"https:\/\/www.profeline.de\/fr\/eleveurs-et-associations\/#breadcrumb\",\"itemListElement\":[{\"@type\":\"ListItem\",\"position\":1,\"name\":\"Home\",\"item\":\"https:\/\/www.profeline.de\/fr\/\"},{\"@type\":\"ListItem\",\"position\":2,\"name\":\"\u00c9leveurs et associations\"}]},{\"@type\":\"WebSite\",\"@id\":\"https:\/\/www.profeline.de\/#website\",\"url\":\"https:\/\/www.profeline.de\/\",\"name\":\"Profeline\",\"description\":\"Katzen-Kratzbaum-System\",\"potentialAction\":[{\"@type\":\"SearchAction\",\"target\":{\"@type\":\"EntryPoint\",\"urlTemplate\":\"https:\/\/www.profeline.de\/?s={search_term_string}\"},\"query-input\":{\"@type\":\"PropertyValueSpecification\",\"valueRequired\":true,\"valueName\":\"search_term_string\"}}],\"inLanguage\":\"fr-FR\"}]}<\/script>\n<!-- \/ Yoast SEO plugin. -->","yoast_head_json":{"title":"\u00c9leveurs et associations - Profeline","description":"Organisations de protection des animaux, \u00e9leveurs de chats, refuges pour animaux et associations f\u00e9lines De nombreux chats perdent leur foyer ou sont","robots":{"index":"index","follow":"follow","max-snippet":"max-snippet:-1","max-image-preview":"max-image-preview:large","max-video-preview":"max-video-preview:-1"},"canonical":"https:\/\/www.profeline.de\/fr\/eleveurs-et-associations\/","og_locale":"fr_FR","og_type":"article","og_title":"\u00c9leveurs et associations - Profeline","og_description":"Organisations de protection des animaux, \u00e9leveurs de chats, refuges pour animaux et associations f\u00e9lines De nombreux chats perdent leur foyer ou sont","og_url":"https:\/\/www.profeline.de\/fr\/eleveurs-et-associations\/","og_site_name":"Profeline","article_modified_time":"2023-08-12T14:32:49+00:00","twitter_misc":{"Dur\u00e9e de lecture estim\u00e9e":"2 minutes"},"schema":{"@context":"https:\/\/schema.org","@graph":[{"@type":"WebPage","@id":"https:\/\/www.profeline.de\/fr\/eleveurs-et-associations\/","url":"https:\/\/www.profeline.de\/fr\/eleveurs-et-associations\/","name":"\u00c9leveurs et associations - Profeline","isPartOf":{"@id":"https:\/\/www.profeline.de\/#website"},"datePublished":"2023-08-12T14:32:41+00:00","dateModified":"2023-08-12T14:32:49+00:00","description":"Organisations de protection des animaux, \u00e9leveurs de chats, refuges pour animaux et associations f\u00e9lines De nombreux chats perdent leur foyer ou sont","breadcrumb":{"@id":"https:\/\/www.profeline.de\/fr\/eleveurs-et-associations\/#breadcrumb"},"inLanguage":"fr-FR","potentialAction":[{"@type":"ReadAction","target":["https:\/\/www.profeline.de\/fr\/eleveurs-et-associations\/"]}]},{"@type":"BreadcrumbList","@id":"https:\/\/www.profeline.de\/fr\/eleveurs-et-associations\/#breadcrumb","itemListElement":[{"@type":"ListItem","position":1,"name":"Home","item":"https:\/\/www.profeline.de\/fr\/"},{"@type":"ListItem","position":2,"name":"\u00c9leveurs et associations"}]},{"@type":"WebSite","@id":"https:\/\/www.profeline.de\/#website","url":"https:\/\/www.profeline.de\/","name":"Profeline","description":"Katzen-Kratzbaum-System","potentialAction":[{"@type":"SearchAction","target":{"@type":"EntryPoint","urlTemplate":"https:\/\/www.profeline.de\/?s={search_term_string}"},"query-input":{"@type":"PropertyValueSpecification","valueRequired":true,"valueName":"search_term_string"}}],"inLanguage":"fr-FR"}]}},"_links":{"self":[{"href":"https:\/\/www.profeline.de\/fr\/wp-json\/wp\/v2\/pages\/8817","targetHints":{"allow":["GET"]}}],"collection":[{"href":"https:\/\/www.profeline.de\/fr\/wp-json\/wp\/v2\/pages"}],"about":[{"href":"https:\/\/www.profeline.de\/fr\/wp-json\/wp\/v2\/types\/page"}],"author":[{"embeddable":true,"href":"https:\/\/www.profeline.de\/fr\/wp-json\/wp\/v2\/users\/4"}],"replies":[{"embeddable":true,"href":"https:\/\/www.profeline.de\/fr\/wp-json\/wp\/v2\/comments?post=8817"}],"version-history":[{"count":3,"href":"https:\/\/www.profeline.de\/fr\/wp-json\/wp\/v2\/pages\/8817\/revisions"}],"predecessor-version":[{"id":8820,"href":"https:\/\/www.profeline.de\/fr\/wp-json\/wp\/v2\/pages\/8817\/revisions\/8820"}],"wp:attachment":[{"href":"https:\/\/www.profeline.de\/fr\/wp-json\/wp\/v2\/media?parent=8817"}],"curies":[{"name":"wp","href":"https:\/\/api.w.org\/{rel}","templated":true}]}}