{"id":8827,"date":"2014-03-27T13:17:05","date_gmt":"2014-03-27T12:17:05","guid":{"rendered":"https:\/\/www.profeline.de\/versandkosten\/"},"modified":"2025-05-21T19:02:01","modified_gmt":"2025-05-21T17:02:01","slug":"frais-de-livraison","status":"publish","type":"page","link":"https:\/\/www.profeline.de\/fr\/frais-de-livraison\/","title":{"rendered":"Frais de livraison"},"content":{"rendered":"<h5>Allemagne<\/h5>\n<p>Les frais d&rsquo;exp\u00e9dition d\u00e9pendent du poids &#8211; nous exp\u00e9dions d\u00e9j\u00e0 \u00e0 partir de 6,95 EUR.<br \/>\nLes modes de paiement accept\u00e9s sont le paiement par carte de cr\u00e9dit, PayPal, le virement instantan\u00e9, l&rsquo;achat sur facture et l&rsquo;achat \u00e0 cr\u00e9dit avec Klarna.<\/p>\n<h5>Autriche &#8211; Belgique &#8211; Pays-Bas &#8211; Luxembourg<\/h5>\n<p>Les frais d&rsquo;exp\u00e9dition sont d\u00e9termin\u00e9s par le poids et le pays de livraison. Les frais d&rsquo;exp\u00e9dition seront affich\u00e9s au moment du paiement.<br \/>\nLes modes de paiement accept\u00e9s sont le paiement par carte de cr\u00e9dit, PayPal et le virement instantan\u00e9 (non disponible au Luxembourg).<\/p>\n<h5>France &#8211; Monaco &#8211; Danemark &#8211; R\u00e9publique tch\u00e8que<\/h5>\n<p>Les frais d&rsquo;exp\u00e9dition sont d\u00e9termin\u00e9s par le poids et le pays de livraison. Les frais d&rsquo;exp\u00e9dition seront affich\u00e9s au moment du paiement.<br \/>\nLes modes de paiement accept\u00e9s sont le paiement par carte de cr\u00e9dit et PayPal.<\/p>\n<h5>Italie &#8211; Pologne &#8211; Slovaquie &#8211; Slov\u00e9nie &#8211; Hongrie<\/h5>\n<p>Les frais d&rsquo;exp\u00e9dition sont d\u00e9termin\u00e9s par le poids et le pays de livraison. Les frais d&rsquo;exp\u00e9dition seront affich\u00e9s au moment du paiement.<br \/>\nLes modes de paiement accept\u00e9s sont le paiement par carte de cr\u00e9dit et PayPal.<\/p>\n<h5>Estonie &#8211; Irlande &#8211; Finlande &#8211; Lettonie &#8211; Lituanie &#8211; Su\u00e8de &#8211; Espagne &#8211; Portugal &#8211; Roumanie &#8211; Bulgarie<\/h5>\n<p>Les frais d&rsquo;exp\u00e9dition sont d\u00e9termin\u00e9s par le poids et le pays de livraison. Les frais d&rsquo;exp\u00e9dition seront affich\u00e9s au moment du paiement.<br \/>\nLes modes de paiement accept\u00e9s sont le paiement par carte de cr\u00e9dit et PayPal.<\/p>\n<h5>Suisse &#8211; Liechtenstein<\/h5>\n<p data-start=\"30\" data-end=\"250\">Les frais d&rsquo;exp\u00e9dition sont d\u00e9termin\u00e9s par le poids et le pays de livraison. Les frais d&rsquo;exp\u00e9dition seront affich\u00e9s au moment du paiement.<\/p>\n<p data-start=\"252\" data-end=\"341\">Les modes de paiement accept\u00e9s sont la carte de cr\u00e9dit et PayPal.<\/p>\n<p data-start=\"343\" data-end=\"466\">L\u2019exp\u00e9dition s\u2019effectue \u00e0 des prix nets \u2013 les frais de douane, taxes d\u2019importation, etc., sont \u00e0 la charge de l\u2019acheteur.<\/p>\n<p><strong>Royaume-Uni<\/strong><\/p>\n<p>Les frais d&rsquo;exp\u00e9dition sont d\u00e9termin\u00e9s par le poids et le pays de livraison. Les frais d&rsquo;exp\u00e9dition seront affich\u00e9s au moment du paiement.<br \/>\nL&rsquo;exp\u00e9dition est effectu\u00e9e \u00e0 des prix nets &#8211; les frais de d\u00e9douanement, les taxes d&rsquo;importation, etc. sont \u00e0 la charge de l&rsquo;acheteur.<\/p>\n<p>&nbsp;<\/p>\n<p><strong>Frais d&rsquo;exp\u00e9dition<\/strong> &#8211; valables pour une commande minimale de 35 \u20ac. Pour la Suisse et le Royaume-Uni, le montant minimum de commande est de 75 \u20ac.<\/p>\n","protected":false},"excerpt":{"rendered":"<p>Allemagne Les frais d&rsquo;exp\u00e9dition d\u00e9pendent du poids &#8211; nous exp\u00e9dions d\u00e9j\u00e0 \u00e0 partir de 6,95 EUR. Les modes de paiement accept\u00e9s sont le paiement par carte de cr\u00e9dit, PayPal, le virement instantan\u00e9, l&rsquo;achat sur facture et l&rsquo;achat \u00e0 cr\u00e9dit avec Klarna. Autriche &#8211; Belgique &#8211; Pays-Bas &#8211; Luxembourg Les frais d&rsquo;exp\u00e9dition sont d\u00e9termin\u00e9s par le [&hellip;]<\/p>\n","protected":false},"author":1,"featured_media":0,"parent":0,"menu_order":10,"comment_status":"closed","ping_status":"closed","template":"","meta":{"footnotes":""},"class_list":["post-8827","page","type-page","status-publish","hentry"],"yoast_head":"<!-- This site is optimized with the Yoast SEO plugin v25.9 - https:\/\/yoast.com\/wordpress\/plugins\/seo\/ -->\n<title>Frais de livraison - Profeline<\/title>\n<meta name=\"description\" content=\"Allemagne Les frais d&#039;exp\u00e9dition d\u00e9pendent du poids - nous exp\u00e9dions d\u00e9j\u00e0 \u00e0 partir de 6,95 EUR. Les modes de paiement accept\u00e9s sont le paiement par carte\" \/>\n<meta name=\"robots\" content=\"index, follow, max-snippet:-1, max-image-preview:large, max-video-preview:-1\" \/>\n<link rel=\"canonical\" href=\"https:\/\/www.profeline.de\/versandkosten\/\" \/>\n<meta property=\"og:locale\" content=\"fr_FR\" \/>\n<meta property=\"og:type\" content=\"article\" \/>\n<meta property=\"og:title\" content=\"Frais de livraison - Profeline\" \/>\n<meta property=\"og:description\" content=\"Allemagne Les frais d&#039;exp\u00e9dition d\u00e9pendent du poids - nous exp\u00e9dions d\u00e9j\u00e0 \u00e0 partir de 6,95 EUR. Les modes de paiement accept\u00e9s sont le paiement par carte\" \/>\n<meta property=\"og:url\" content=\"https:\/\/www.profeline.de\/versandkosten\/\" \/>\n<meta property=\"og:site_name\" content=\"Profeline\" \/>\n<meta property=\"article:modified_time\" content=\"2025-05-21T17:02:01+00:00\" \/>\n<meta name=\"twitter:label1\" content=\"Dur\u00e9e de lecture estim\u00e9e\" \/>\n\t<meta name=\"twitter:data1\" content=\"2 minutes\" \/>\n<script type=\"application\/ld+json\" class=\"yoast-schema-graph\">{\"@context\":\"https:\/\/schema.org\",\"@graph\":[{\"@type\":\"WebPage\",\"@id\":\"https:\/\/www.profeline.de\/versandkosten\/\",\"url\":\"https:\/\/www.profeline.de\/versandkosten\/\",\"name\":\"Frais de livraison - Profeline\",\"isPartOf\":{\"@id\":\"https:\/\/www.profeline.de\/#website\"},\"datePublished\":\"2014-03-27T12:17:05+00:00\",\"dateModified\":\"2025-05-21T17:02:01+00:00\",\"description\":\"Allemagne Les frais d'exp\u00e9dition d\u00e9pendent du poids - nous exp\u00e9dions d\u00e9j\u00e0 \u00e0 partir de 6,95 EUR. Les modes de paiement accept\u00e9s sont le paiement par carte\",\"breadcrumb\":{\"@id\":\"https:\/\/www.profeline.de\/versandkosten\/#breadcrumb\"},\"inLanguage\":\"fr-FR\",\"potentialAction\":[{\"@type\":\"ReadAction\",\"target\":[\"https:\/\/www.profeline.de\/versandkosten\/\"]}]},{\"@type\":\"BreadcrumbList\",\"@id\":\"https:\/\/www.profeline.de\/versandkosten\/#breadcrumb\",\"itemListElement\":[{\"@type\":\"ListItem\",\"position\":1,\"name\":\"Home\",\"item\":\"https:\/\/www.profeline.de\/fr\/\"},{\"@type\":\"ListItem\",\"position\":2,\"name\":\"Frais de livraison\"}]},{\"@type\":\"WebSite\",\"@id\":\"https:\/\/www.profeline.de\/#website\",\"url\":\"https:\/\/www.profeline.de\/\",\"name\":\"Profeline\",\"description\":\"Katzen-Kratzbaum-System\",\"potentialAction\":[{\"@type\":\"SearchAction\",\"target\":{\"@type\":\"EntryPoint\",\"urlTemplate\":\"https:\/\/www.profeline.de\/?s={search_term_string}\"},\"query-input\":{\"@type\":\"PropertyValueSpecification\",\"valueRequired\":true,\"valueName\":\"search_term_string\"}}],\"inLanguage\":\"fr-FR\"}]}<\/script>\n<!-- \/ Yoast SEO plugin. -->","yoast_head_json":{"title":"Frais de livraison - Profeline","description":"Allemagne Les frais d'exp\u00e9dition d\u00e9pendent du poids - nous exp\u00e9dions d\u00e9j\u00e0 \u00e0 partir de 6,95 EUR. Les modes de paiement accept\u00e9s sont le paiement par carte","robots":{"index":"index","follow":"follow","max-snippet":"max-snippet:-1","max-image-preview":"max-image-preview:large","max-video-preview":"max-video-preview:-1"},"canonical":"https:\/\/www.profeline.de\/versandkosten\/","og_locale":"fr_FR","og_type":"article","og_title":"Frais de livraison - Profeline","og_description":"Allemagne Les frais d'exp\u00e9dition d\u00e9pendent du poids - nous exp\u00e9dions d\u00e9j\u00e0 \u00e0 partir de 6,95 EUR. Les modes de paiement accept\u00e9s sont le paiement par carte","og_url":"https:\/\/www.profeline.de\/versandkosten\/","og_site_name":"Profeline","article_modified_time":"2025-05-21T17:02:01+00:00","twitter_misc":{"Dur\u00e9e de lecture estim\u00e9e":"2 minutes"},"schema":{"@context":"https:\/\/schema.org","@graph":[{"@type":"WebPage","@id":"https:\/\/www.profeline.de\/versandkosten\/","url":"https:\/\/www.profeline.de\/versandkosten\/","name":"Frais de livraison - Profeline","isPartOf":{"@id":"https:\/\/www.profeline.de\/#website"},"datePublished":"2014-03-27T12:17:05+00:00","dateModified":"2025-05-21T17:02:01+00:00","description":"Allemagne Les frais d'exp\u00e9dition d\u00e9pendent du poids - nous exp\u00e9dions d\u00e9j\u00e0 \u00e0 partir de 6,95 EUR. Les modes de paiement accept\u00e9s sont le paiement par carte","breadcrumb":{"@id":"https:\/\/www.profeline.de\/versandkosten\/#breadcrumb"},"inLanguage":"fr-FR","potentialAction":[{"@type":"ReadAction","target":["https:\/\/www.profeline.de\/versandkosten\/"]}]},{"@type":"BreadcrumbList","@id":"https:\/\/www.profeline.de\/versandkosten\/#breadcrumb","itemListElement":[{"@type":"ListItem","position":1,"name":"Home","item":"https:\/\/www.profeline.de\/fr\/"},{"@type":"ListItem","position":2,"name":"Frais de livraison"}]},{"@type":"WebSite","@id":"https:\/\/www.profeline.de\/#website","url":"https:\/\/www.profeline.de\/","name":"Profeline","description":"Katzen-Kratzbaum-System","potentialAction":[{"@type":"SearchAction","target":{"@type":"EntryPoint","urlTemplate":"https:\/\/www.profeline.de\/?s={search_term_string}"},"query-input":{"@type":"PropertyValueSpecification","valueRequired":true,"valueName":"search_term_string"}}],"inLanguage":"fr-FR"}]}},"_links":{"self":[{"href":"https:\/\/www.profeline.de\/fr\/wp-json\/wp\/v2\/pages\/8827","targetHints":{"allow":["GET"]}}],"collection":[{"href":"https:\/\/www.profeline.de\/fr\/wp-json\/wp\/v2\/pages"}],"about":[{"href":"https:\/\/www.profeline.de\/fr\/wp-json\/wp\/v2\/types\/page"}],"author":[{"embeddable":true,"href":"https:\/\/www.profeline.de\/fr\/wp-json\/wp\/v2\/users\/1"}],"replies":[{"embeddable":true,"href":"https:\/\/www.profeline.de\/fr\/wp-json\/wp\/v2\/comments?post=8827"}],"version-history":[{"count":8,"href":"https:\/\/www.profeline.de\/fr\/wp-json\/wp\/v2\/pages\/8827\/revisions"}],"predecessor-version":[{"id":9711,"href":"https:\/\/www.profeline.de\/fr\/wp-json\/wp\/v2\/pages\/8827\/revisions\/9711"}],"wp:attachment":[{"href":"https:\/\/www.profeline.de\/fr\/wp-json\/wp\/v2\/media?parent=8827"}],"curies":[{"name":"wp","href":"https:\/\/api.w.org\/{rel}","templated":true}]}}