{"id":8871,"date":"2014-03-27T12:20:46","date_gmt":"2014-03-27T11:20:46","guid":{"rendered":"https:\/\/www.profeline.de\/produkte\/"},"modified":"2023-08-13T13:21:06","modified_gmt":"2023-08-13T11:21:06","slug":"produits","status":"publish","type":"page","link":"https:\/\/www.profeline.de\/fr\/produits\/","title":{"rendered":"Produits"},"content":{"rendered":"<div  class='flex_column av-4j2p0p-ea84a9a04782d931b0f66733ce584eeb av_one_third  avia-builder-el-0  el_before_av_two_third  avia-builder-el-first  first flex_column_div  '     ><p>\n<style type=\"text\/css\" data-created_by=\"avia_inline_auto\" id=\"style-css-av-4dm001-4509a5ec8a348eb07a5762bb1ec0d843\">\n#top .av-special-heading.av-4dm001-4509a5ec8a348eb07a5762bb1ec0d843{\npadding-bottom:10px;\n}\nbody .av-special-heading.av-4dm001-4509a5ec8a348eb07a5762bb1ec0d843 .av-special-heading-tag .heading-char{\nfont-size:25px;\n}\n.av-special-heading.av-4dm001-4509a5ec8a348eb07a5762bb1ec0d843 .av-subheading{\nfont-size:15px;\n}\n<\/style>\n<div  class='av-special-heading av-4dm001-4509a5ec8a348eb07a5762bb1ec0d843 av-special-heading-h3  avia-builder-el-1  el_before_av_textblock  avia-builder-el-first '><h3 class='av-special-heading-tag '  itemprop=\"headline\"  >Arbres \u00e0 gratter<\/h3><div class=\"special-heading-border\"><div class=\"special-heading-inner-border\"><\/div><\/div><\/div><br \/>\n<section  class='av_textblock_section av-490sgx-7fcd045f0eaca70305c5dad543b3b873 '   itemscope=\"itemscope\" itemtype=\"https:\/\/schema.org\/CreativeWork\" ><div class='avia_textblock'  itemprop=\"text\" ><p>Arbres \u00e0 gratter en contreplaqu\u00e9 de bouleau directement du fabricant &#8211; du petit arbre \u00e0 un seul tronc, aux arbres d&rsquo;escalade autoportants, en passant par les arbres \u00e0 fixer au mur, jusqu&rsquo;au paysage d&rsquo;arbres \u00e0 gratter, le tout fabriqu\u00e9 en Allemagne avec une qualit\u00e9 artisanale.<\/p>\n<\/div><\/section><\/p><\/div>\n<div  class='flex_column av-41nunt-8bc78000022242e32daddf41e68b933b av_two_third  avia-builder-el-3  el_after_av_one_third  el_before_av_one_third  flex_column_div  '     ><style type=\"text\/css\" data-created_by=\"avia_inline_auto\" id=\"style-css-av-3v0eah-02e14a724157c2b0eb3e5c6a913052e0\">\n.avia-image-container.av-3v0eah-02e14a724157c2b0eb3e5c6a913052e0 img.avia_image{\nbox-shadow:none;\n}\n.avia-image-container.av-3v0eah-02e14a724157c2b0eb3e5c6a913052e0 .av-image-caption-overlay-center{\ncolor:#ffffff;\n}\n<\/style>\n<div  class='avia-image-container av-3v0eah-02e14a724157c2b0eb3e5c6a913052e0 av-styling- av-img-linked avia-align-center  avia-builder-el-4  avia-builder-el-no-sibling '   itemprop=\"image\" itemscope=\"itemscope\" itemtype=\"https:\/\/schema.org\/ImageObject\" ><div class=\"avia-image-container-inner\"><div class=\"avia-image-overlay-wrap\"><a href=\"https:\/\/www.profeline.de\/kratzbaeume\/\" class='avia_image '  aria-label='kratzbaum_kratzbaum'><img decoding=\"async\" width=\"459\" height=\"253\" fetchpriority=\"high\" class='wp-image-359 avia-img-lazy-loading-not-359 avia_image ' src=\"https:\/\/www.profeline.de\/wp-content\/uploads\/2014\/03\/kratzbaum_kratzbaum.jpg\" alt='' title='kratzbaum_kratzbaum'   itemprop=\"thumbnailUrl\" srcset=\"https:\/\/www.profeline.de\/wp-content\/uploads\/2014\/03\/kratzbaum_kratzbaum.jpg 459w, https:\/\/www.profeline.de\/wp-content\/uploads\/2014\/03\/kratzbaum_kratzbaum-300x165.jpg 300w, https:\/\/www.profeline.de\/wp-content\/uploads\/2014\/03\/kratzbaum_kratzbaum-450x248.jpg 450w\" sizes=\"(max-width: 459px) 100vw, 459px\" \/><\/a><\/div><\/div><\/div><\/div>\n<div  class='flex_column av-3ph8jd-fb553a36e5a5ddc7731dfa977451b8f3 av_one_third  avia-builder-el-5  el_after_av_two_third  el_before_av_two_third  first flex_column_div  column-top-margin'     ><p>\n<style type=\"text\/css\" data-created_by=\"avia_inline_auto\" id=\"style-css-av-3i0wtd-bb6e52c8305139ec757f0cdd4878eff5\">\n#top .av-special-heading.av-3i0wtd-bb6e52c8305139ec757f0cdd4878eff5{\npadding-bottom:10px;\n}\nbody .av-special-heading.av-3i0wtd-bb6e52c8305139ec757f0cdd4878eff5 .av-special-heading-tag .heading-char{\nfont-size:25px;\n}\n.av-special-heading.av-3i0wtd-bb6e52c8305139ec757f0cdd4878eff5 .av-subheading{\nfont-size:15px;\n}\n<\/style>\n<div  class='av-special-heading av-3i0wtd-bb6e52c8305139ec757f0cdd4878eff5 av-special-heading-h3  avia-builder-el-6  el_before_av_textblock  avia-builder-el-first '><h3 class='av-special-heading-tag '  itemprop=\"headline\"  >Mobilier pour chats<\/h3><div class=\"special-heading-border\"><div class=\"special-heading-inner-border\"><\/div><\/div><\/div><br \/>\n<section  class='av_textblock_section av-3fmj8x-bc86a76f1a072d4caf6c36ab23aaf6ca '   itemscope=\"itemscope\" itemtype=\"https:\/\/schema.org\/CreativeWork\" ><div class='avia_textblock'  itemprop=\"text\" ><p>Avec notre vaste s\u00e9lection de lits muraux, de passerelles pour chats, de tapis \u00e0 gratter et de troncs \u00e0 griffer et \u00e0 grimper, vous pouvez cr\u00e9er des murs \u00e0 gratter entiers pour votre compagnon. Laissez libre cours \u00e0 vos id\u00e9es et offrez \u00e0 votre chat des heures de plaisir \u00e0 gratter et \u00e0 grimper.<\/p>\n<\/div><\/section><\/p><\/div>\n<div  class='flex_column av-35s04p-282532d9ab4d1fa722eab3dedb69956d av_two_third  avia-builder-el-8  el_after_av_one_third  el_before_av_one_third  flex_column_div  column-top-margin'     ><style type=\"text\/css\" data-created_by=\"avia_inline_auto\" id=\"style-css-av-b7601-954160b6166780e85b1a1a815498488b\">\n.avia-image-container.av-b7601-954160b6166780e85b1a1a815498488b img.avia_image{\nbox-shadow:none;\n}\n.avia-image-container.av-b7601-954160b6166780e85b1a1a815498488b .av-image-caption-overlay-center{\ncolor:#ffffff;\n}\n<\/style>\n<div  class='avia-image-container av-b7601-954160b6166780e85b1a1a815498488b av-styling- av-img-linked avia-align-center  avia-builder-el-9  avia-builder-el-no-sibling '   itemprop=\"image\" itemscope=\"itemscope\" itemtype=\"https:\/\/schema.org\/ImageObject\" ><div class=\"avia-image-container-inner\"><div class=\"avia-image-overlay-wrap\"><a href=\"https:\/\/www.profeline.de\/katzenmoebel\/\" class='avia_image '  aria-label='katzenmoebel_kratzwand'><img decoding=\"async\" width=\"459\" height=\"253\" fetchpriority=\"high\" class='wp-image-356 avia-img-lazy-loading-not-356 avia_image ' src=\"https:\/\/www.profeline.de\/wp-content\/uploads\/2014\/03\/katzenmoebel_kratzwand.jpg\" alt='' title='katzenmoebel_kratzwand'   itemprop=\"thumbnailUrl\" srcset=\"https:\/\/www.profeline.de\/wp-content\/uploads\/2014\/03\/katzenmoebel_kratzwand.jpg 459w, https:\/\/www.profeline.de\/wp-content\/uploads\/2014\/03\/katzenmoebel_kratzwand-300x165.jpg 300w, https:\/\/www.profeline.de\/wp-content\/uploads\/2014\/03\/katzenmoebel_kratzwand-450x248.jpg 450w\" sizes=\"(max-width: 459px) 100vw, 459px\" \/><\/a><\/div><\/div><\/div><\/div>\n<div  class='flex_column av-2xhssh-ebeb13893a8c85242872d9fd5d79d990 av_one_third  avia-builder-el-10  el_after_av_two_third  el_before_av_two_third  first flex_column_div  column-top-margin'     ><p>\n<style type=\"text\/css\" data-created_by=\"avia_inline_auto\" id=\"style-css-av-2t5qqh-668cbb1ae08379a9c8227d68861e5282\">\n#top .av-special-heading.av-2t5qqh-668cbb1ae08379a9c8227d68861e5282{\npadding-bottom:10px;\n}\nbody .av-special-heading.av-2t5qqh-668cbb1ae08379a9c8227d68861e5282 .av-special-heading-tag .heading-char{\nfont-size:25px;\n}\n.av-special-heading.av-2t5qqh-668cbb1ae08379a9c8227d68861e5282 .av-subheading{\nfont-size:15px;\n}\n<\/style>\n<div  class='av-special-heading av-2t5qqh-668cbb1ae08379a9c8227d68861e5282 av-special-heading-h3  avia-builder-el-11  el_before_av_textblock  avia-builder-el-first '><h3 class='av-special-heading-tag '  itemprop=\"headline\"  >Jouets pour chats<\/h3><div class=\"special-heading-border\"><div class=\"special-heading-inner-border\"><\/div><\/div><\/div><br \/>\n<section  class='av_textblock_section av-2jv0kx-af28f32a27fff9e4ea29b5293aeb1600 '   itemscope=\"itemscope\" itemtype=\"https:\/\/schema.org\/CreativeWork\" ><div class='avia_textblock'  itemprop=\"text\" ><p>Un large choix de jouets pour chats fabriqu\u00e9s avec des mat\u00e9riaux naturels, soigneusement s\u00e9lectionn\u00e9s.<\/p>\n<\/div><\/section><\/p><\/div>\n<div  class='flex_column av-2enht5-f53b5fcf6f721d8107160533b216762e av_two_third  avia-builder-el-13  el_after_av_one_third  el_before_av_one_third  flex_column_div  column-top-margin'     ><style type=\"text\/css\" data-created_by=\"avia_inline_auto\" id=\"style-css-av-274ds1-108911f6a8b240f10738e88c372ae845\">\n.avia-image-container.av-274ds1-108911f6a8b240f10738e88c372ae845 img.avia_image{\nbox-shadow:none;\n}\n.avia-image-container.av-274ds1-108911f6a8b240f10738e88c372ae845 .av-image-caption-overlay-center{\ncolor:#ffffff;\n}\n<\/style>\n<div  class='avia-image-container av-274ds1-108911f6a8b240f10738e88c372ae845 av-styling- av-img-linked avia-align-center  avia-builder-el-14  avia-builder-el-no-sibling '   itemprop=\"image\" itemscope=\"itemscope\" itemtype=\"https:\/\/schema.org\/ImageObject\" ><div class=\"avia-image-container-inner\"><div class=\"avia-image-overlay-wrap\"><a href=\"https:\/\/www.profeline.de\/katzenspielzeug\/\" class='avia_image '  aria-label='Handmade Cat Toys'><img decoding=\"async\" fetchpriority=\"high\" class='wp-image-5137 avia-img-lazy-loading-not-5137 avia_image ' src=\"https:\/\/www.profeline.de\/wp-content\/uploads\/2014\/03\/handmade-cat-toys-banner.jpg\" alt='Handmade Cat Toys' title='Handmade Cat Toys'  height=\"253\" width=\"459\"  itemprop=\"thumbnailUrl\" srcset=\"https:\/\/www.profeline.de\/wp-content\/uploads\/2014\/03\/handmade-cat-toys-banner.jpg 459w, https:\/\/www.profeline.de\/wp-content\/uploads\/2014\/03\/handmade-cat-toys-banner-300x165.jpg 300w, https:\/\/www.profeline.de\/wp-content\/uploads\/2014\/03\/handmade-cat-toys-banner-450x248.jpg 450w\" sizes=\"(max-width: 459px) 100vw, 459px\" \/><\/a><\/div><\/div><\/div><\/div>\n<div  class='flex_column av-230vld-bb40e8e05e0a0c06e714590545bd3798 av_one_third  avia-builder-el-15  el_after_av_two_third  el_before_av_two_third  first flex_column_div  column-top-margin'     ><p>\n<style type=\"text\/css\" data-created_by=\"avia_inline_auto\" id=\"style-css-av-1vccch-f7ee8370c17405e95b7e3993bebbf48b\">\n#top .av-special-heading.av-1vccch-f7ee8370c17405e95b7e3993bebbf48b{\npadding-bottom:10px;\n}\nbody .av-special-heading.av-1vccch-f7ee8370c17405e95b7e3993bebbf48b .av-special-heading-tag .heading-char{\nfont-size:25px;\n}\n.av-special-heading.av-1vccch-f7ee8370c17405e95b7e3993bebbf48b .av-subheading{\nfont-size:15px;\n}\n<\/style>\n<div  class='av-special-heading av-1vccch-f7ee8370c17405e95b7e3993bebbf48b av-special-heading-h3  avia-builder-el-16  el_before_av_textblock  avia-builder-el-first '><h3 class='av-special-heading-tag '  itemprop=\"headline\"  >Lits pour chats<\/h3><div class=\"special-heading-border\"><div class=\"special-heading-inner-border\"><\/div><\/div><\/div><br \/>\n<section  class='av_textblock_section av-1ql72x-bbfaab6228370f5650c07e07a3685bca '   itemscope=\"itemscope\" itemtype=\"https:\/\/schema.org\/CreativeWork\" ><div class='avia_textblock'  itemprop=\"text\" ><p>Lits pour chats en coton doux fabriqu\u00e9s en Allemagne, tiss\u00e9s, teints et cousus.<\/p>\n<\/div><\/section><\/p><\/div>\n<div  class='flex_column av-1ildyx-1ac67856cb1820b93caa7802bf18db4c av_two_third  avia-builder-el-18  el_after_av_one_third  el_before_av_one_full  flex_column_div  column-top-margin'     ><style type=\"text\/css\" data-created_by=\"avia_inline_auto\" id=\"style-css-av-1g9etl-87e57042c5be163cdb0bb295dab37651\">\n.avia-image-container.av-1g9etl-87e57042c5be163cdb0bb295dab37651 img.avia_image{\nbox-shadow:none;\n}\n.avia-image-container.av-1g9etl-87e57042c5be163cdb0bb295dab37651 .av-image-caption-overlay-center{\ncolor:#ffffff;\n}\n<\/style>\n<div  class='avia-image-container av-1g9etl-87e57042c5be163cdb0bb295dab37651 av-styling- av-img-linked avia-align-center  avia-builder-el-19  avia-builder-el-no-sibling '   itemprop=\"image\" itemscope=\"itemscope\" itemtype=\"https:\/\/schema.org\/ImageObject\" ><div class=\"avia-image-container-inner\"><div class=\"avia-image-overlay-wrap\"><a href=\"https:\/\/www.profeline.de\/katzenbetten\/\" class='avia_image '  aria-label='katzenbetten'><img decoding=\"async\" width=\"459\" height=\"253\" fetchpriority=\"high\" class='wp-image-354 avia-img-lazy-loading-not-354 avia_image ' src=\"https:\/\/www.profeline.de\/wp-content\/uploads\/2014\/03\/katzenbetten2.jpg\" alt='' title='katzenbetten'   itemprop=\"thumbnailUrl\" srcset=\"https:\/\/www.profeline.de\/wp-content\/uploads\/2014\/03\/katzenbetten2.jpg 459w, https:\/\/www.profeline.de\/wp-content\/uploads\/2014\/03\/katzenbetten2-300x165.jpg 300w, https:\/\/www.profeline.de\/wp-content\/uploads\/2014\/03\/katzenbetten2-450x248.jpg 450w\" sizes=\"(max-width: 459px) 100vw, 459px\" \/><\/a><\/div><\/div><\/div><\/div>\n<div  class='flex_column av-ciwd5-cd2544f7a04b4aa5510c925daec3c1b7 av_one_full  avia-builder-el-20  el_after_av_two_third  avia-builder-el-last  first flex_column_div  column-top-margin'     ><div  class='av_promobox av-a99bl-e668752e4068b0d9fb6e17f5fa875737 avia-button-yes  avia-builder-el-21  avia-builder-el-no-sibling '><div class='avia-promocontent'><p>\nVisitez notre boutique d\u00e8s maintenant<\/p>\n<\/div><div  class='avia-button-wrap av-a99bl-9b2d37f5c396b369ed23e021b8e4f282-wrap avia-button-right '>\n<style type=\"text\/css\" data-created_by=\"avia_inline_auto\" id=\"style-css-av-a99bl-9b2d37f5c396b369ed23e021b8e4f282\">\n#top #wrap_all .avia-button.av-a99bl-9b2d37f5c396b369ed23e021b8e4f282{\nbackground-color:#ac143f;\nborder-color:#ac143f;\ncolor:#ffffff;\ntransition:all 0.4s ease-in-out;\n}\n#top #wrap_all .avia-button.av-a99bl-9b2d37f5c396b369ed23e021b8e4f282 .avia-svg-icon svg:first-child{\nfill:#ffffff;\nstroke:#ffffff;\n}\n<\/style>\n<a href='http:\/\/www.profeline-katzenshop.de\/'  class='avia-button av-a99bl-9b2d37f5c396b369ed23e021b8e4f282 av-link-btn avia-icon_select-yes-left-icon avia-size-large avia-position-right'  target=\"_blank\"  rel=\"noopener noreferrer\"  aria-label=\"Visitez la boutique\"><span class='avia_button_icon avia_button_icon_left avia-iconfont avia-font-entypo-fontello' data-av_icon='\ue859' data-av_iconfont='entypo-fontello' ><\/span><span class='avia_iconbox_title' >Visitez la boutique<\/span><\/a><\/div><\/div><\/div>\n","protected":false},"excerpt":{"rendered":"","protected":false},"author":1,"featured_media":0,"parent":0,"menu_order":2,"comment_status":"closed","ping_status":"closed","template":"","meta":{"footnotes":""},"class_list":["post-8871","page","type-page","status-publish","hentry"],"yoast_head":"<!-- This site is optimized with the Yoast SEO plugin v25.9 - https:\/\/yoast.com\/wordpress\/plugins\/seo\/ -->\n<title>Katzenzubeh\u00f6r und Katzenbedarf im Profeline Katzen Shop<\/title>\n<meta name=\"description\" content=\"Profeline bietet Ihnen eine hochwertige Auswahl an Kratzb\u00e4umen, Katzenzubeh\u00f6r &amp; Katzenbedarf. Katzenspielzeug aus den USA finden Sie in unserem KatzenShop.\" \/>\n<meta name=\"robots\" content=\"index, follow, max-snippet:-1, max-image-preview:large, max-video-preview:-1\" \/>\n<link rel=\"canonical\" href=\"https:\/\/www.profeline.de\/produkte\/\" \/>\n<meta property=\"og:locale\" content=\"fr_FR\" \/>\n<meta property=\"og:type\" content=\"article\" \/>\n<meta property=\"og:title\" content=\"Katzenzubeh\u00f6r und Katzenbedarf im Profeline Katzen Shop\" \/>\n<meta property=\"og:description\" content=\"Profeline bietet Ihnen eine hochwertige Auswahl an Kratzb\u00e4umen, Katzenzubeh\u00f6r &amp; Katzenbedarf. Katzenspielzeug aus den USA finden Sie in unserem KatzenShop.\" \/>\n<meta property=\"og:url\" content=\"https:\/\/www.profeline.de\/produkte\/\" \/>\n<meta property=\"og:site_name\" content=\"Profeline\" \/>\n<meta property=\"article:modified_time\" content=\"2023-08-13T11:21:06+00:00\" \/>\n<meta name=\"twitter:label1\" content=\"Dur\u00e9e de lecture estim\u00e9e\" \/>\n\t<meta name=\"twitter:data1\" content=\"3 minutes\" \/>\n<script type=\"application\/ld+json\" class=\"yoast-schema-graph\">{\"@context\":\"https:\/\/schema.org\",\"@graph\":[{\"@type\":\"WebPage\",\"@id\":\"https:\/\/www.profeline.de\/produkte\/\",\"url\":\"https:\/\/www.profeline.de\/produkte\/\",\"name\":\"Katzenzubeh\u00f6r und Katzenbedarf im Profeline Katzen Shop\",\"isPartOf\":{\"@id\":\"https:\/\/www.profeline.de\/#website\"},\"datePublished\":\"2014-03-27T11:20:46+00:00\",\"dateModified\":\"2023-08-13T11:21:06+00:00\",\"description\":\"Profeline bietet Ihnen eine hochwertige Auswahl an Kratzb\u00e4umen, Katzenzubeh\u00f6r & Katzenbedarf. Katzenspielzeug aus den USA finden Sie in unserem KatzenShop.\",\"breadcrumb\":{\"@id\":\"https:\/\/www.profeline.de\/produkte\/#breadcrumb\"},\"inLanguage\":\"fr-FR\",\"potentialAction\":[{\"@type\":\"ReadAction\",\"target\":[\"https:\/\/www.profeline.de\/produkte\/\"]}]},{\"@type\":\"BreadcrumbList\",\"@id\":\"https:\/\/www.profeline.de\/produkte\/#breadcrumb\",\"itemListElement\":[{\"@type\":\"ListItem\",\"position\":1,\"name\":\"Home\",\"item\":\"https:\/\/www.profeline.de\/fr\/\"},{\"@type\":\"ListItem\",\"position\":2,\"name\":\"Produits\"}]},{\"@type\":\"WebSite\",\"@id\":\"https:\/\/www.profeline.de\/#website\",\"url\":\"https:\/\/www.profeline.de\/\",\"name\":\"Profeline\",\"description\":\"Katzen-Kratzbaum-System\",\"potentialAction\":[{\"@type\":\"SearchAction\",\"target\":{\"@type\":\"EntryPoint\",\"urlTemplate\":\"https:\/\/www.profeline.de\/?s={search_term_string}\"},\"query-input\":{\"@type\":\"PropertyValueSpecification\",\"valueRequired\":true,\"valueName\":\"search_term_string\"}}],\"inLanguage\":\"fr-FR\"}]}<\/script>\n<!-- \/ Yoast SEO plugin. -->","yoast_head_json":{"title":"Katzenzubeh\u00f6r und Katzenbedarf im Profeline Katzen Shop","description":"Profeline bietet Ihnen eine hochwertige Auswahl an Kratzb\u00e4umen, Katzenzubeh\u00f6r & Katzenbedarf. Katzenspielzeug aus den USA finden Sie in unserem KatzenShop.","robots":{"index":"index","follow":"follow","max-snippet":"max-snippet:-1","max-image-preview":"max-image-preview:large","max-video-preview":"max-video-preview:-1"},"canonical":"https:\/\/www.profeline.de\/produkte\/","og_locale":"fr_FR","og_type":"article","og_title":"Katzenzubeh\u00f6r und Katzenbedarf im Profeline Katzen Shop","og_description":"Profeline bietet Ihnen eine hochwertige Auswahl an Kratzb\u00e4umen, Katzenzubeh\u00f6r & Katzenbedarf. Katzenspielzeug aus den USA finden Sie in unserem KatzenShop.","og_url":"https:\/\/www.profeline.de\/produkte\/","og_site_name":"Profeline","article_modified_time":"2023-08-13T11:21:06+00:00","twitter_misc":{"Dur\u00e9e de lecture estim\u00e9e":"3 minutes"},"schema":{"@context":"https:\/\/schema.org","@graph":[{"@type":"WebPage","@id":"https:\/\/www.profeline.de\/produkte\/","url":"https:\/\/www.profeline.de\/produkte\/","name":"Katzenzubeh\u00f6r und Katzenbedarf im Profeline Katzen Shop","isPartOf":{"@id":"https:\/\/www.profeline.de\/#website"},"datePublished":"2014-03-27T11:20:46+00:00","dateModified":"2023-08-13T11:21:06+00:00","description":"Profeline bietet Ihnen eine hochwertige Auswahl an Kratzb\u00e4umen, Katzenzubeh\u00f6r & Katzenbedarf. Katzenspielzeug aus den USA finden Sie in unserem KatzenShop.","breadcrumb":{"@id":"https:\/\/www.profeline.de\/produkte\/#breadcrumb"},"inLanguage":"fr-FR","potentialAction":[{"@type":"ReadAction","target":["https:\/\/www.profeline.de\/produkte\/"]}]},{"@type":"BreadcrumbList","@id":"https:\/\/www.profeline.de\/produkte\/#breadcrumb","itemListElement":[{"@type":"ListItem","position":1,"name":"Home","item":"https:\/\/www.profeline.de\/fr\/"},{"@type":"ListItem","position":2,"name":"Produits"}]},{"@type":"WebSite","@id":"https:\/\/www.profeline.de\/#website","url":"https:\/\/www.profeline.de\/","name":"Profeline","description":"Katzen-Kratzbaum-System","potentialAction":[{"@type":"SearchAction","target":{"@type":"EntryPoint","urlTemplate":"https:\/\/www.profeline.de\/?s={search_term_string}"},"query-input":{"@type":"PropertyValueSpecification","valueRequired":true,"valueName":"search_term_string"}}],"inLanguage":"fr-FR"}]}},"_links":{"self":[{"href":"https:\/\/www.profeline.de\/fr\/wp-json\/wp\/v2\/pages\/8871","targetHints":{"allow":["GET"]}}],"collection":[{"href":"https:\/\/www.profeline.de\/fr\/wp-json\/wp\/v2\/pages"}],"about":[{"href":"https:\/\/www.profeline.de\/fr\/wp-json\/wp\/v2\/types\/page"}],"author":[{"embeddable":true,"href":"https:\/\/www.profeline.de\/fr\/wp-json\/wp\/v2\/users\/1"}],"replies":[{"embeddable":true,"href":"https:\/\/www.profeline.de\/fr\/wp-json\/wp\/v2\/comments?post=8871"}],"version-history":[{"count":8,"href":"https:\/\/www.profeline.de\/fr\/wp-json\/wp\/v2\/pages\/8871\/revisions"}],"predecessor-version":[{"id":8885,"href":"https:\/\/www.profeline.de\/fr\/wp-json\/wp\/v2\/pages\/8871\/revisions\/8885"}],"wp:attachment":[{"href":"https:\/\/www.profeline.de\/fr\/wp-json\/wp\/v2\/media?parent=8871"}],"curies":[{"name":"wp","href":"https:\/\/api.w.org\/{rel}","templated":true}]}}