{"id":8904,"date":"2014-06-12T20:03:02","date_gmt":"2014-06-12T18:03:02","guid":{"rendered":"https:\/\/www.profeline.de\/lieferlaender\/"},"modified":"2025-05-21T18:56:29","modified_gmt":"2025-05-21T16:56:29","slug":"pays-de-livraison","status":"publish","type":"page","link":"https:\/\/www.profeline.de\/fr\/pays-de-livraison\/","title":{"rendered":"Pays de livraison"},"content":{"rendered":"<h5>Nous livrons dans les pays suivants<\/h5>\n<p>&nbsp;<\/p>\n<h5>Allemagne<\/h5>\n<p>Les modes de paiement accept\u00e9s sont le paiement par carte de cr\u00e9dit, PayPal, le paiement imm\u00e9diat, l&rsquo;achat sur facture et le paiement \u00e9chelonn\u00e9 avec Klarna.<\/p>\n<h5>Autriche &#8211; Belgique &#8211; Pays-Bas &#8211; Luxembourg<\/h5>\n<p>Les modes de paiement accept\u00e9s sont le paiement par carte de cr\u00e9dit, PayPal<\/p>\n<h5>France &#8211; Monaco &#8211; Danemark &#8211; Royaume-Uni &#8211; Liechtenstein &#8211; R\u00e9publique tch\u00e8que<\/h5>\n<p>Les modes de paiement accept\u00e9s sont le paiement par carte de cr\u00e9dit et PayPal.<\/p>\n<h5>Italie &#8211; Pologne &#8211; Slovaquie &#8211; Slov\u00e9nie &#8211; Hongrie<\/h5>\n<p>Les modes de paiement accept\u00e9s sont le paiement par carte de cr\u00e9dit et PayPal.<\/p>\n<h5>Estonie &#8211; Irlande &#8211; Finlande &#8211; Lettonie &#8211; Lituanie &#8211; Su\u00e8de &#8211; Espagne &#8211; Portugal &#8211; Roumanie &#8211; Bulgarie<\/h5>\n<p>Les modes de paiement accept\u00e9s sont le paiement par carte de cr\u00e9dit et PayPal.<\/p>\n<h5>Suisse<\/h5>\n<p>Les modes de paiement accept\u00e9s sont lle paiement par carte de cr\u00e9dit, le paiement imm\u00e9diat et PayPal !<\/p>\n<p>La vente s&rsquo;effectue aux prix nets &#8211; sans facturation de la TVA allemande.<br \/>\nLors de l&rsquo;importation au Suisse, des droits de douane, des frais et des taxes sont factur\u00e9s directement \u00e0 l&rsquo;acheteur.<br \/>\nMontant minimum de commande : 75 EUR<\/p>\n<p><strong>Royaume-Uni<\/strong><br \/>\nLes modes de paiement accept\u00e9s sont le paiement par carte de cr\u00e9dit et PayPal.<\/p>\n<p>La vente s&rsquo;effectue aux prix nets &#8211; sans facturation de la TVA allemande.<br \/>\nLors de l&rsquo;importation au Royaume-Uni, des droits de douane, des frais et des taxes sont factur\u00e9s directement \u00e0 l&rsquo;acheteur.<br \/>\nMontant minimum de commande : 75 EUR<\/p>\n<p>&nbsp;<\/p>\n","protected":false},"excerpt":{"rendered":"<p>Nous livrons dans les pays suivants &nbsp; Allemagne Les modes de paiement accept\u00e9s sont le paiement par carte de cr\u00e9dit, PayPal, le paiement imm\u00e9diat, l&rsquo;achat sur facture et le paiement \u00e9chelonn\u00e9 avec Klarna. Autriche &#8211; Belgique &#8211; Pays-Bas &#8211; Luxembourg Les modes de paiement accept\u00e9s sont le paiement par carte de cr\u00e9dit, PayPal France &#8211; [&hellip;]<\/p>\n","protected":false},"author":4,"featured_media":0,"parent":0,"menu_order":202,"comment_status":"closed","ping_status":"closed","template":"","meta":{"footnotes":""},"class_list":["post-8904","page","type-page","status-publish","hentry"],"yoast_head":"<!-- This site is optimized with the Yoast SEO plugin v25.9 - https:\/\/yoast.com\/wordpress\/plugins\/seo\/ -->\n<title>Pays de livraison - Profeline<\/title>\n<meta name=\"description\" content=\"Nous livrons dans les pays suivants &nbsp; Allemagne Les modes de paiement accept\u00e9s sont le paiement par carte de cr\u00e9dit, PayPal, le paiement imm\u00e9diat,\" \/>\n<meta name=\"robots\" content=\"index, follow, max-snippet:-1, max-image-preview:large, max-video-preview:-1\" \/>\n<link rel=\"canonical\" href=\"https:\/\/www.profeline.de\/lieferlaender\/\" \/>\n<meta property=\"og:locale\" content=\"fr_FR\" \/>\n<meta property=\"og:type\" content=\"article\" \/>\n<meta property=\"og:title\" content=\"Pays de livraison - Profeline\" \/>\n<meta property=\"og:description\" content=\"Nous livrons dans les pays suivants &nbsp; Allemagne Les modes de paiement accept\u00e9s sont le paiement par carte de cr\u00e9dit, PayPal, le paiement imm\u00e9diat,\" \/>\n<meta property=\"og:url\" content=\"https:\/\/www.profeline.de\/lieferlaender\/\" \/>\n<meta property=\"og:site_name\" content=\"Profeline\" \/>\n<meta property=\"article:modified_time\" content=\"2025-05-21T16:56:29+00:00\" \/>\n<meta name=\"twitter:label1\" content=\"Dur\u00e9e de lecture estim\u00e9e\" \/>\n\t<meta name=\"twitter:data1\" content=\"1 minute\" \/>\n<script type=\"application\/ld+json\" class=\"yoast-schema-graph\">{\"@context\":\"https:\/\/schema.org\",\"@graph\":[{\"@type\":\"WebPage\",\"@id\":\"https:\/\/www.profeline.de\/lieferlaender\/\",\"url\":\"https:\/\/www.profeline.de\/lieferlaender\/\",\"name\":\"Pays de livraison - Profeline\",\"isPartOf\":{\"@id\":\"https:\/\/www.profeline.de\/#website\"},\"datePublished\":\"2014-06-12T18:03:02+00:00\",\"dateModified\":\"2025-05-21T16:56:29+00:00\",\"description\":\"Nous livrons dans les pays suivants &nbsp; Allemagne Les modes de paiement accept\u00e9s sont le paiement par carte de cr\u00e9dit, PayPal, le paiement imm\u00e9diat,\",\"breadcrumb\":{\"@id\":\"https:\/\/www.profeline.de\/lieferlaender\/#breadcrumb\"},\"inLanguage\":\"fr-FR\",\"potentialAction\":[{\"@type\":\"ReadAction\",\"target\":[\"https:\/\/www.profeline.de\/lieferlaender\/\"]}]},{\"@type\":\"BreadcrumbList\",\"@id\":\"https:\/\/www.profeline.de\/lieferlaender\/#breadcrumb\",\"itemListElement\":[{\"@type\":\"ListItem\",\"position\":1,\"name\":\"Home\",\"item\":\"https:\/\/www.profeline.de\/fr\/\"},{\"@type\":\"ListItem\",\"position\":2,\"name\":\"Pays de livraison\"}]},{\"@type\":\"WebSite\",\"@id\":\"https:\/\/www.profeline.de\/#website\",\"url\":\"https:\/\/www.profeline.de\/\",\"name\":\"Profeline\",\"description\":\"Katzen-Kratzbaum-System\",\"potentialAction\":[{\"@type\":\"SearchAction\",\"target\":{\"@type\":\"EntryPoint\",\"urlTemplate\":\"https:\/\/www.profeline.de\/?s={search_term_string}\"},\"query-input\":{\"@type\":\"PropertyValueSpecification\",\"valueRequired\":true,\"valueName\":\"search_term_string\"}}],\"inLanguage\":\"fr-FR\"}]}<\/script>\n<!-- \/ Yoast SEO plugin. -->","yoast_head_json":{"title":"Pays de livraison - Profeline","description":"Nous livrons dans les pays suivants &nbsp; Allemagne Les modes de paiement accept\u00e9s sont le paiement par carte de cr\u00e9dit, PayPal, le paiement imm\u00e9diat,","robots":{"index":"index","follow":"follow","max-snippet":"max-snippet:-1","max-image-preview":"max-image-preview:large","max-video-preview":"max-video-preview:-1"},"canonical":"https:\/\/www.profeline.de\/lieferlaender\/","og_locale":"fr_FR","og_type":"article","og_title":"Pays de livraison - Profeline","og_description":"Nous livrons dans les pays suivants &nbsp; Allemagne Les modes de paiement accept\u00e9s sont le paiement par carte de cr\u00e9dit, PayPal, le paiement imm\u00e9diat,","og_url":"https:\/\/www.profeline.de\/lieferlaender\/","og_site_name":"Profeline","article_modified_time":"2025-05-21T16:56:29+00:00","twitter_misc":{"Dur\u00e9e de lecture estim\u00e9e":"1 minute"},"schema":{"@context":"https:\/\/schema.org","@graph":[{"@type":"WebPage","@id":"https:\/\/www.profeline.de\/lieferlaender\/","url":"https:\/\/www.profeline.de\/lieferlaender\/","name":"Pays de livraison - Profeline","isPartOf":{"@id":"https:\/\/www.profeline.de\/#website"},"datePublished":"2014-06-12T18:03:02+00:00","dateModified":"2025-05-21T16:56:29+00:00","description":"Nous livrons dans les pays suivants &nbsp; Allemagne Les modes de paiement accept\u00e9s sont le paiement par carte de cr\u00e9dit, PayPal, le paiement imm\u00e9diat,","breadcrumb":{"@id":"https:\/\/www.profeline.de\/lieferlaender\/#breadcrumb"},"inLanguage":"fr-FR","potentialAction":[{"@type":"ReadAction","target":["https:\/\/www.profeline.de\/lieferlaender\/"]}]},{"@type":"BreadcrumbList","@id":"https:\/\/www.profeline.de\/lieferlaender\/#breadcrumb","itemListElement":[{"@type":"ListItem","position":1,"name":"Home","item":"https:\/\/www.profeline.de\/fr\/"},{"@type":"ListItem","position":2,"name":"Pays de livraison"}]},{"@type":"WebSite","@id":"https:\/\/www.profeline.de\/#website","url":"https:\/\/www.profeline.de\/","name":"Profeline","description":"Katzen-Kratzbaum-System","potentialAction":[{"@type":"SearchAction","target":{"@type":"EntryPoint","urlTemplate":"https:\/\/www.profeline.de\/?s={search_term_string}"},"query-input":{"@type":"PropertyValueSpecification","valueRequired":true,"valueName":"search_term_string"}}],"inLanguage":"fr-FR"}]}},"_links":{"self":[{"href":"https:\/\/www.profeline.de\/fr\/wp-json\/wp\/v2\/pages\/8904","targetHints":{"allow":["GET"]}}],"collection":[{"href":"https:\/\/www.profeline.de\/fr\/wp-json\/wp\/v2\/pages"}],"about":[{"href":"https:\/\/www.profeline.de\/fr\/wp-json\/wp\/v2\/types\/page"}],"author":[{"embeddable":true,"href":"https:\/\/www.profeline.de\/fr\/wp-json\/wp\/v2\/users\/4"}],"replies":[{"embeddable":true,"href":"https:\/\/www.profeline.de\/fr\/wp-json\/wp\/v2\/comments?post=8904"}],"version-history":[{"count":5,"href":"https:\/\/www.profeline.de\/fr\/wp-json\/wp\/v2\/pages\/8904\/revisions"}],"predecessor-version":[{"id":9700,"href":"https:\/\/www.profeline.de\/fr\/wp-json\/wp\/v2\/pages\/8904\/revisions\/9700"}],"wp:attachment":[{"href":"https:\/\/www.profeline.de\/fr\/wp-json\/wp\/v2\/media?parent=8904"}],"curies":[{"name":"wp","href":"https:\/\/api.w.org\/{rel}","templated":true}]}}