{"id":934,"date":"2014-03-27T13:16:53","date_gmt":"2014-03-27T12:16:53","guid":{"rendered":"https:\/\/www.profeline.de\/?page_id=934"},"modified":"2025-05-21T18:57:56","modified_gmt":"2025-05-21T16:57:56","slug":"modes-de-paiement","status":"publish","type":"page","link":"https:\/\/www.profeline.de\/fr\/modes-de-paiement\/","title":{"rendered":"Modes de paiement"},"content":{"rendered":"<h4><span style=\"color: #c41d0f;\">PayPal<\/span><\/h4>\n<p>Avec PayPal, vous pouvez payer facilement, rapidement et en toute s\u00e9curit\u00e9 sur profeline-katzenshop.de.<\/p>\n<p>\u25a0 Sans saisie de coordonn\u00e9es bancaires ou de carte de cr\u00e9dit<br \/>\n\u25a0 Profeline re\u00e7oit la confirmation de paiement de PayPal en quelques secondes en g\u00e9n\u00e9ral<br \/>\n\u25a0 Vos donn\u00e9es bancaires et de carte de cr\u00e9dit ne sont pas divulgu\u00e9es \u00e0 des tiers<\/p>\n<p>Pour payer avec PayPal chez Profeline, s\u00e9lectionnez PayPal comme mode de paiement lors de notre processus de commande.<br \/>\nConnectez-vous ensuite \u00e0 votre compte PayPal personnel avec votre adresse e-mail et votre mot de passe PayPal, puis confirmez le montant de la facture.<\/p>\n<p>Apr\u00e8s r\u00e9ception de la confirmation de paiement PayPal, nous pouvons exp\u00e9dier votre commande !<br \/>\nVeuillez noter qu&rsquo;en fonction du mode de paiement enregistr\u00e9 dans votre compte PayPal, il peut s&rsquo;\u00e9couler quelques jours ouvrables avant que PayPal confirme la r\u00e9ception du paiement.<br \/>\nPayer avec PayPal est toujours gratuit pour vous chez Profeline &#8211; nous prenons en charge les frais \u00e9ventuels.<\/p>\n<p>Vous n&rsquo;avez pas encore de compte PayPal ? Vous pouvez cr\u00e9er votre compte PayPal personnel sur www.paypal.de en quelques clics. L&rsquo;inscription \u00e0 PayPal est simple, car vous devez uniquement fournir votre adresse e-mail, votre adresse et les coordonn\u00e9es de votre compte bancaire ou de votre carte de cr\u00e9dit.<br \/>\nApr\u00e8s l&rsquo;inscription, vous pouvez faire des achats en ligne en toute s\u00e9curit\u00e9 et gratuitement sans transmettre vos donn\u00e9es bancaires \u00e0 des tiers.<\/p>\n<h4><span style=\"color: #c41d0f;\"><strong>Carte de cr\u00e9dit<\/strong><\/span><\/h4>\n<p>Le paiement par carte de cr\u00e9dit s&rsquo;effectue facilement par d\u00e9bit de votre compte de carte de cr\u00e9dit.<br \/>\nNous acceptons les paiements par VISA et MasterCard.<\/p>\n<p>Lors du processus de commande, saisissez vos donn\u00e9es de carte de cr\u00e9dit. La transmission de vos donn\u00e9es se fait via une connexion hautement s\u00e9curis\u00e9e avec un chiffrement SSL 256 bits.<\/p>\n<p>Le montant de la facture est d\u00e9bit\u00e9 imm\u00e9diatement de votre carte de cr\u00e9dit &#8211; nous pouvons ainsi traiter votre commande imm\u00e9diatement.<br \/>\nProfitez de cette forme de paiement simple et rapide, sans frais suppl\u00e9mentaires chez Profeline.<\/p>\n<h4><span style=\"color: #c41d0f;\"><strong>Achat sur facture et financement avec Klarna<\/strong><\/span><\/h4>\n<p>En collaboration avec Klarna, nous vous proposons l&rsquo;achat sur facture et le service de financement Klarna Ratenkauf comme options de paiement.<br \/>\nLors d&rsquo;un paiement avec Klarna, vous n&rsquo;avez jamais besoin de fournir vos coordonn\u00e9es bancaires et vous ne payez qu&rsquo;une fois que vous avez re\u00e7u la marchandise.<\/p>\n<p>Facture Klarna : Lors de l&rsquo;achat sur facture avec Klarna, vous recevez toujours d&rsquo;abord la marchandise et vous b\u00e9n\u00e9ficiez d&rsquo;un d\u00e9lai de paiement de 14 jours. Pour plus d&rsquo;informations et les CGV compl\u00e8tes de Klarna concernant l&rsquo;achat sur facture, cliquez ici.<br \/>\n(<a href=\"https:\/\/online.klarna.com\/villkor_de.yaws?eid=15169&amp;charge=5\" target=\"_blank\" rel=\"noopener noreferrer\">https:\/\/online.klarna.com\/villkor_de.yaws?eid=15169&amp;charge=5<\/a>)<\/p>\n<p>Klarna Ratenkauf : Avec le service de financement Klarna Ratenkauf, vous recevez \u00e9galement d&rsquo;abord la marchandise. Tous vos achats sont ensuite regroup\u00e9s sur une facture \u00e0 la fin du mois suivant. Vous pouvez ensuite payer cette facture en mensualit\u00e9s flexibles, mais aussi r\u00e9gler le montant total \u00e0 tout moment. Pour plus d&rsquo;informations sur le service de financement Klarna Ratenkauf, cliquez ici<br \/>\n(<a href=\"https:\/\/online.klarna.com\/account_de.yaws?eid=15169\" target=\"_blank\" rel=\"noopener noreferrer\">https:\/\/online.klarna.com\/account_de.yaws?eid=15169<\/a>).<br \/>\nVous pouvez t\u00e9l\u00e9charger les CGV compl\u00e8tes de Klarna Ratenkauf ici (<a href=\"http:\/\/www.klarna.se\/pdf\/Vertragsbedingungen.pdf\" target=\"_blank\" rel=\"noopener noreferrer\">http:\/\/www.klarna.se\/pdf\/Vertragsbedingungen.pdf<\/a>).<br \/>\nKlarna v\u00e9rifie et \u00e9value les donn\u00e9es fournies par le consommateur et effectue, le cas \u00e9ch\u00e9ant, un \u00e9change de donn\u00e9es avec d&rsquo;autres entreprises et agences de renseignements commerciaux (v\u00e9rification de solvabilit\u00e9). Si la solvabilit\u00e9 du consommateur n&rsquo;est pas garantie, Klarna AB peut refuser les modes de paiement Klarna au client et doit proposer des modes de paiement alternatifs. Vos donn\u00e9es personnelles sont trait\u00e9es conform\u00e9ment \u00e0 la loi sur la protection des donn\u00e9es et ne sont pas transmises \u00e0 des tiers \u00e0 des fins publicitaires.<br \/>\nPour en savoir plus sur la politique de confidentialit\u00e9 de Klarna, cliquez ici. (<a href=\"http:\/\/klarna.com\/pdf\/Datenschutz_DE.pdf\" target=\"_blank\" rel=\"noopener noreferrer\">http:\/\/klarna.com\/pdf\/Datenschutz_DE.pdf<\/a>)<br \/>\nPour plus d&rsquo;informations sur Klarna, rendez-vous sur <a href=\"http:\/\/www.klarna.de\" target=\"_blank\" rel=\"noopener noreferrer\">www.klarna.de<\/a> Klarna AB, num\u00e9ro d&rsquo;entreprise et d&rsquo;association : 556737-0431<\/p>\n<p>Cette m\u00e9thode de paiement est uniquement disponible pour les clients en Allemagne.<\/p>\n","protected":false},"excerpt":{"rendered":"<p>PayPal Avec PayPal, vous pouvez payer facilement, rapidement et en toute s\u00e9curit\u00e9 sur profeline-katzenshop.de. \u25a0 Sans saisie de coordonn\u00e9es bancaires ou de carte de cr\u00e9dit \u25a0 Profeline re\u00e7oit la confirmation de paiement de PayPal en quelques secondes en g\u00e9n\u00e9ral \u25a0 Vos donn\u00e9es bancaires et de carte de cr\u00e9dit ne sont pas divulgu\u00e9es \u00e0 des tiers [&hellip;]<\/p>\n","protected":false},"author":1,"featured_media":0,"parent":0,"menu_order":9,"comment_status":"closed","ping_status":"closed","template":"","meta":{"footnotes":""},"class_list":["post-934","page","type-page","status-publish","hentry"],"yoast_head":"<!-- This site is optimized with the Yoast SEO plugin v25.9 - https:\/\/yoast.com\/wordpress\/plugins\/seo\/ -->\n<title>Modes de paiement - Profeline<\/title>\n<meta name=\"description\" content=\"Profeline Kratzbaum und Katzenzubeh\u00f6r bietet viele verschiedene Zahlungsm\u00f6glichkeiten - darunter auch Kauf auf Rechnung.\" \/>\n<meta name=\"robots\" content=\"index, follow, max-snippet:-1, max-image-preview:large, max-video-preview:-1\" \/>\n<link rel=\"canonical\" href=\"https:\/\/www.profeline.de\/zahlungsarten\/\" \/>\n<meta property=\"og:locale\" content=\"fr_FR\" \/>\n<meta property=\"og:type\" content=\"article\" \/>\n<meta property=\"og:title\" content=\"Modes de paiement - Profeline\" \/>\n<meta property=\"og:description\" content=\"Profeline Kratzbaum und Katzenzubeh\u00f6r bietet viele verschiedene Zahlungsm\u00f6glichkeiten - darunter auch Kauf auf Rechnung.\" \/>\n<meta property=\"og:url\" content=\"https:\/\/www.profeline.de\/zahlungsarten\/\" \/>\n<meta property=\"og:site_name\" content=\"Profeline\" \/>\n<meta property=\"article:modified_time\" content=\"2025-05-21T16:57:56+00:00\" \/>\n<meta name=\"twitter:label1\" content=\"Dur\u00e9e de lecture estim\u00e9e\" \/>\n\t<meta name=\"twitter:data1\" content=\"3 minutes\" \/>\n<script type=\"application\/ld+json\" class=\"yoast-schema-graph\">{\"@context\":\"https:\/\/schema.org\",\"@graph\":[{\"@type\":\"WebPage\",\"@id\":\"https:\/\/www.profeline.de\/zahlungsarten\/\",\"url\":\"https:\/\/www.profeline.de\/zahlungsarten\/\",\"name\":\"Modes de paiement - Profeline\",\"isPartOf\":{\"@id\":\"https:\/\/www.profeline.de\/#website\"},\"datePublished\":\"2014-03-27T12:16:53+00:00\",\"dateModified\":\"2025-05-21T16:57:56+00:00\",\"description\":\"Profeline Kratzbaum und Katzenzubeh\u00f6r bietet viele verschiedene Zahlungsm\u00f6glichkeiten - darunter auch Kauf auf Rechnung.\",\"breadcrumb\":{\"@id\":\"https:\/\/www.profeline.de\/zahlungsarten\/#breadcrumb\"},\"inLanguage\":\"fr-FR\",\"potentialAction\":[{\"@type\":\"ReadAction\",\"target\":[\"https:\/\/www.profeline.de\/zahlungsarten\/\"]}]},{\"@type\":\"BreadcrumbList\",\"@id\":\"https:\/\/www.profeline.de\/zahlungsarten\/#breadcrumb\",\"itemListElement\":[{\"@type\":\"ListItem\",\"position\":1,\"name\":\"Home\",\"item\":\"https:\/\/www.profeline.de\/fr\/\"},{\"@type\":\"ListItem\",\"position\":2,\"name\":\"Modes de paiement\"}]},{\"@type\":\"WebSite\",\"@id\":\"https:\/\/www.profeline.de\/#website\",\"url\":\"https:\/\/www.profeline.de\/\",\"name\":\"Profeline\",\"description\":\"Katzen-Kratzbaum-System\",\"potentialAction\":[{\"@type\":\"SearchAction\",\"target\":{\"@type\":\"EntryPoint\",\"urlTemplate\":\"https:\/\/www.profeline.de\/?s={search_term_string}\"},\"query-input\":{\"@type\":\"PropertyValueSpecification\",\"valueRequired\":true,\"valueName\":\"search_term_string\"}}],\"inLanguage\":\"fr-FR\"}]}<\/script>\n<!-- \/ Yoast SEO plugin. -->","yoast_head_json":{"title":"Modes de paiement - Profeline","description":"Profeline Kratzbaum und Katzenzubeh\u00f6r bietet viele verschiedene Zahlungsm\u00f6glichkeiten - darunter auch Kauf auf Rechnung.","robots":{"index":"index","follow":"follow","max-snippet":"max-snippet:-1","max-image-preview":"max-image-preview:large","max-video-preview":"max-video-preview:-1"},"canonical":"https:\/\/www.profeline.de\/zahlungsarten\/","og_locale":"fr_FR","og_type":"article","og_title":"Modes de paiement - Profeline","og_description":"Profeline Kratzbaum und Katzenzubeh\u00f6r bietet viele verschiedene Zahlungsm\u00f6glichkeiten - darunter auch Kauf auf Rechnung.","og_url":"https:\/\/www.profeline.de\/zahlungsarten\/","og_site_name":"Profeline","article_modified_time":"2025-05-21T16:57:56+00:00","twitter_misc":{"Dur\u00e9e de lecture estim\u00e9e":"3 minutes"},"schema":{"@context":"https:\/\/schema.org","@graph":[{"@type":"WebPage","@id":"https:\/\/www.profeline.de\/zahlungsarten\/","url":"https:\/\/www.profeline.de\/zahlungsarten\/","name":"Modes de paiement - Profeline","isPartOf":{"@id":"https:\/\/www.profeline.de\/#website"},"datePublished":"2014-03-27T12:16:53+00:00","dateModified":"2025-05-21T16:57:56+00:00","description":"Profeline Kratzbaum und Katzenzubeh\u00f6r bietet viele verschiedene Zahlungsm\u00f6glichkeiten - darunter auch Kauf auf Rechnung.","breadcrumb":{"@id":"https:\/\/www.profeline.de\/zahlungsarten\/#breadcrumb"},"inLanguage":"fr-FR","potentialAction":[{"@type":"ReadAction","target":["https:\/\/www.profeline.de\/zahlungsarten\/"]}]},{"@type":"BreadcrumbList","@id":"https:\/\/www.profeline.de\/zahlungsarten\/#breadcrumb","itemListElement":[{"@type":"ListItem","position":1,"name":"Home","item":"https:\/\/www.profeline.de\/fr\/"},{"@type":"ListItem","position":2,"name":"Modes de paiement"}]},{"@type":"WebSite","@id":"https:\/\/www.profeline.de\/#website","url":"https:\/\/www.profeline.de\/","name":"Profeline","description":"Katzen-Kratzbaum-System","potentialAction":[{"@type":"SearchAction","target":{"@type":"EntryPoint","urlTemplate":"https:\/\/www.profeline.de\/?s={search_term_string}"},"query-input":{"@type":"PropertyValueSpecification","valueRequired":true,"valueName":"search_term_string"}}],"inLanguage":"fr-FR"}]}},"_links":{"self":[{"href":"https:\/\/www.profeline.de\/fr\/wp-json\/wp\/v2\/pages\/934","targetHints":{"allow":["GET"]}}],"collection":[{"href":"https:\/\/www.profeline.de\/fr\/wp-json\/wp\/v2\/pages"}],"about":[{"href":"https:\/\/www.profeline.de\/fr\/wp-json\/wp\/v2\/types\/page"}],"author":[{"embeddable":true,"href":"https:\/\/www.profeline.de\/fr\/wp-json\/wp\/v2\/users\/1"}],"replies":[{"embeddable":true,"href":"https:\/\/www.profeline.de\/fr\/wp-json\/wp\/v2\/comments?post=934"}],"version-history":[{"count":5,"href":"https:\/\/www.profeline.de\/fr\/wp-json\/wp\/v2\/pages\/934\/revisions"}],"predecessor-version":[{"id":9706,"href":"https:\/\/www.profeline.de\/fr\/wp-json\/wp\/v2\/pages\/934\/revisions\/9706"}],"wp:attachment":[{"href":"https:\/\/www.profeline.de\/fr\/wp-json\/wp\/v2\/media?parent=934"}],"curies":[{"name":"wp","href":"https:\/\/api.w.org\/{rel}","templated":true}]}}